{"id":100,"date":"2019-04-18T11:21:27","date_gmt":"2019-04-18T09:21:27","guid":{"rendered":"https:\/\/www.csarpsm.fr\/?page_id=100"},"modified":"2024-02-17T10:06:34","modified_gmt":"2024-02-17T09:06:34","slug":"lhistoire-de-notre-logo","status":"publish","type":"page","link":"https:\/\/csarpsm.fr\/index.php\/lhistoire-de-notre-logo\/","title":{"rendered":"L&rsquo;histoire de notre logo"},"content":{"rendered":"<div style=\"width: 525px;\" class=\"wp-video\"><!--[if lt IE 9]><script>document.createElement('video');<\/script><![endif]-->\n<video class=\"wp-video-shortcode\" id=\"video-100-1\" width=\"525\" height=\"295\" preload=\"metadata\" controls=\"controls\"><source type=\"video\/mp4\" src=\"https:\/\/csarpsm.fr\/wp-content\/uploads\/2024\/02\/LOGO_CSAR-PSM_01.mp4?_=1\" \/><a href=\"https:\/\/csarpsm.fr\/wp-content\/uploads\/2024\/02\/LOGO_CSAR-PSM_01.mp4\">https:\/\/csarpsm.fr\/wp-content\/uploads\/2024\/02\/LOGO_CSAR-PSM_01.mp4<\/a><\/video><\/div>\n<p style=\"text-align: center;\"><em><span style=\"font-family: arial, helvetica, sans-serif; font-size: 10pt;\">Merci \u00e0 Cyrille LE FOLGOC pour la r\u00e9alisation de cette petite vid\u00e9o &#8211; @Fev2024<\/span><\/em><\/p>\n<p>Il y a quelques ann\u00e9es, l\u2019id\u00e9e de mat\u00e9rialiser le club par un logo s\u2019est manifest\u00e9e au sein de l\u2019\u00e9quipe dirigeante. Il fallait rappeler la plong\u00e9e bien s\u00fbr, mais aussi la r\u00e9gion et l\u2019\u00e9tablissement qui nous h\u00e9bergeait.<\/p>\n<p>L&rsquo;histoire du club vous est compt\u00e9e plus loin&#8230; Mais revenons un peu sur le nom de notre club&#8230; L\u2019USAF-SVAR (Union Sportive des Apprentis de la Fonderie &#8211; Soci\u00e9t\u00e9 V\u00e9locip\u00e9dique et Athl\u00e9tique de Ruelle.) est devenu en 1995 le CSAR (Club Sportif et Artistique de Ruelle). Le CSAR est une association multi activit\u00e9s et la plong\u00e9e n&rsquo;est pas une activit\u00e9 des moindres. Le CSAR Plong\u00e9e Sous Marine (PSM) \u00e9tait n\u00e9 !<\/p>\n<p>L\u2019\u00e9tablissement de La Fonderie cr\u00e9\u00e9 en 1752 a perdur\u00e9 jusqu\u2019\u00e0 nos jours (Naval Group, ex DCN). A l\u2019origine simple fonderie de canons, les fabrications se sont diversifi\u00e9es apr\u00e8s la seconde guerre mondiale. Cr\u00e9es au d\u00e9but du 20\u00e8me si\u00e8cle, les deux soci\u00e9t\u00e9s sportives ont fusionn\u00e9 en 1948. Le canon et les boulets rappellent donc le pass\u00e9 industriel de notre h\u00f4te. Les couleurs, elles non plus, n\u2019ont pas \u00e9t\u00e9 choisies au hasard puisque ce sont celles du SVAR. A une certaine \u00e9poque, on parlait dans la presse des jaunes et noirs.<br \/>\nPour la petite histoire, le bureau avait lanc\u00e9 un concours d\u00e8s les premi\u00e8res ann\u00e9es de la cr\u00e9ation du club pour la r\u00e9alisation du logo. Une quinzaine de projets ont vu le jour, mais au final, c\u2019est un jeune ouvrier de l\u2019\u00e9tablissement, Thierry GRANCOIN qui a remport\u00e9 la palme, \u00e0 l\u2019unanimit\u00e9.<\/p>\n<p><img loading=\"lazy\" decoding=\"async\" class=\"size-medium wp-image-3977 aligncenter\" src=\"https:\/\/csarpsm.fr\/wp-content\/uploads\/2024\/02\/logo-CSAR-PSM-origine-192x300.jpg\" alt=\"\" width=\"192\" height=\"300\" srcset=\"https:\/\/csarpsm.fr\/wp-content\/uploads\/2024\/02\/logo-CSAR-PSM-origine-192x300.jpg 192w, https:\/\/csarpsm.fr\/wp-content\/uploads\/2024\/02\/logo-CSAR-PSM-origine.jpg 576w\" sizes=\"auto, (max-width: 192px) 100vw, 192px\" \/><\/p>\n<p>Depuis lors, bien que l\u00e9g\u00e8rement rectifi\u00e9&#8230; certains diront rajeuni&#8230; plusieurs centaines d\u2019autocollants ont donc \u00e9t\u00e9 r\u00e9alis\u00e9s et distribu\u00e9s aux quatre coins de France et m\u00eame \u00e0 l\u2019\u00e9tranger ! Alors si vous entendez parler du SVAR ou du CSAR dans un coin recul\u00e9 du monde, ne vous \u00e9tonnez pas trop, peut-\u00eatre un de vos coll\u00e8gue plongeur du CSAR PSM est-il pass\u00e9 l\u00e0 avant vous.<\/p>\n<p><img loading=\"lazy\" decoding=\"async\" class=\"size-full wp-image-178 aligncenter\" src=\"https:\/\/csarpsm.fr\/wp-content\/uploads\/2019\/03\/cropped-logo-1.png\" alt=\"\" width=\"177\" height=\"250\"><\/p>\n","protected":false},"excerpt":{"rendered":"<p>Merci \u00e0 Cyrille LE FOLGOC pour la r\u00e9alisation de cette petite vid\u00e9o &#8211; @Fev2024 Il y a quelques ann\u00e9es, l\u2019id\u00e9e de mat\u00e9rialiser le club par un logo s\u2019est manifest\u00e9e au &hellip; <\/p>\n<p class=\"link-more\"><a href=\"https:\/\/csarpsm.fr\/index.php\/lhistoire-de-notre-logo\/\" class=\"more-link\">Continuer la lecture<span class=\"screen-reader-text\"> de &laquo;&nbsp;L&rsquo;histoire de notre logo&nbsp;&raquo;<\/span><\/a><\/p>\n","protected":false},"author":1,"featured_media":0,"parent":0,"menu_order":0,"comment_status":"closed","ping_status":"closed","template":"","meta":{"_acf_changed":false,"ngg_post_thumbnail":0,"footnotes":""},"class_list":["post-100","page","type-page","status-publish","hentry"],"acf":[],"yoast_head":"<!-- This site is optimized with the Yoast SEO plugin v24.9 - https:\/\/yoast.com\/wordpress\/plugins\/seo\/ -->\n<title>L&#039;histoire de notre logo - C.S.A.R. PSM<\/title>\n<meta name=\"robots\" content=\"index, follow, max-snippet:-1, max-image-preview:large, max-video-preview:-1\" \/>\n<link rel=\"canonical\" href=\"https:\/\/csarpsm.fr\/index.php\/lhistoire-de-notre-logo\/\" \/>\n<meta property=\"og:locale\" content=\"fr_FR\" \/>\n<meta property=\"og:type\" content=\"article\" \/>\n<meta property=\"og:title\" content=\"L&#039;histoire de notre logo - C.S.A.R. PSM\" \/>\n<meta property=\"og:description\" content=\"Merci \u00e0 Cyrille LE FOLGOC pour la r\u00e9alisation de cette petite vid\u00e9o &#8211; @Fev2024 Il y a quelques ann\u00e9es, l\u2019id\u00e9e de mat\u00e9rialiser le club par un logo s\u2019est manifest\u00e9e au &hellip; Continuer la lecture de &laquo;&nbsp;L&rsquo;histoire de notre logo&nbsp;&raquo;\" \/>\n<meta property=\"og:url\" content=\"https:\/\/csarpsm.fr\/index.php\/lhistoire-de-notre-logo\/\" \/>\n<meta property=\"og:site_name\" content=\"C.S.A.R. PSM\" \/>\n<meta property=\"article:publisher\" content=\"https:\/\/fr-fr.facebook.com\/CsarPsm16\/\" \/>\n<meta property=\"article:modified_time\" content=\"2024-02-17T09:06:34+00:00\" \/>\n<meta property=\"og:image\" content=\"https:\/\/csarpsm.fr\/wp-content\/uploads\/2024\/02\/logo-CSAR-PSM-origine-192x300.jpg\" \/>\n<meta name=\"twitter:card\" content=\"summary_large_image\" \/>\n<meta name=\"twitter:label1\" content=\"Dur\u00e9e de lecture estim\u00e9e\" \/>\n\t<meta name=\"twitter:data1\" content=\"3 minutes\" \/>\n<script type=\"application\/ld+json\" class=\"yoast-schema-graph\">{\"@context\":\"https:\/\/schema.org\",\"@graph\":[{\"@type\":\"WebPage\",\"@id\":\"https:\/\/csarpsm.fr\/index.php\/lhistoire-de-notre-logo\/\",\"url\":\"https:\/\/csarpsm.fr\/index.php\/lhistoire-de-notre-logo\/\",\"name\":\"L'histoire de notre logo - C.S.A.R. PSM\",\"isPartOf\":{\"@id\":\"https:\/\/csarpsm.fr\/#website\"},\"primaryImageOfPage\":{\"@id\":\"https:\/\/csarpsm.fr\/index.php\/lhistoire-de-notre-logo\/#primaryimage\"},\"image\":{\"@id\":\"https:\/\/csarpsm.fr\/index.php\/lhistoire-de-notre-logo\/#primaryimage\"},\"thumbnailUrl\":\"https:\/\/csarpsm.fr\/wp-content\/uploads\/2024\/02\/logo-CSAR-PSM-origine-192x300.jpg\",\"datePublished\":\"2019-04-18T09:21:27+00:00\",\"dateModified\":\"2024-02-17T09:06:34+00:00\",\"breadcrumb\":{\"@id\":\"https:\/\/csarpsm.fr\/index.php\/lhistoire-de-notre-logo\/#breadcrumb\"},\"inLanguage\":\"fr-FR\",\"potentialAction\":[{\"@type\":\"ReadAction\",\"target\":[\"https:\/\/csarpsm.fr\/index.php\/lhistoire-de-notre-logo\/\"]}]},{\"@type\":\"ImageObject\",\"inLanguage\":\"fr-FR\",\"@id\":\"https:\/\/csarpsm.fr\/index.php\/lhistoire-de-notre-logo\/#primaryimage\",\"url\":\"https:\/\/csarpsm.fr\/wp-content\/uploads\/2024\/02\/logo-CSAR-PSM-origine.jpg\",\"contentUrl\":\"https:\/\/csarpsm.fr\/wp-content\/uploads\/2024\/02\/logo-CSAR-PSM-origine.jpg\",\"width\":576,\"height\":900},{\"@type\":\"BreadcrumbList\",\"@id\":\"https:\/\/csarpsm.fr\/index.php\/lhistoire-de-notre-logo\/#breadcrumb\",\"itemListElement\":[{\"@type\":\"ListItem\",\"position\":1,\"name\":\"Accueil\",\"item\":\"https:\/\/csarpsm.fr\/\"},{\"@type\":\"ListItem\",\"position\":2,\"name\":\"L&rsquo;histoire de notre logo\"}]},{\"@type\":\"WebSite\",\"@id\":\"https:\/\/csarpsm.fr\/#website\",\"url\":\"https:\/\/csarpsm.fr\/\",\"name\":\"C.S.A.R. PSM\",\"description\":\"Club de Plong\u00e9e de Ruelle sur Touvre - N\u00b0affiliation FFESSM 02 16 00 85\",\"publisher\":{\"@id\":\"https:\/\/csarpsm.fr\/#organization\"},\"potentialAction\":[{\"@type\":\"SearchAction\",\"target\":{\"@type\":\"EntryPoint\",\"urlTemplate\":\"https:\/\/csarpsm.fr\/?s={search_term_string}\"},\"query-input\":{\"@type\":\"PropertyValueSpecification\",\"valueRequired\":true,\"valueName\":\"search_term_string\"}}],\"inLanguage\":\"fr-FR\"},{\"@type\":\"Organization\",\"@id\":\"https:\/\/csarpsm.fr\/#organization\",\"name\":\"C.S.A.R. PSM\",\"url\":\"https:\/\/csarpsm.fr\/\",\"logo\":{\"@type\":\"ImageObject\",\"inLanguage\":\"fr-FR\",\"@id\":\"https:\/\/csarpsm.fr\/#\/schema\/logo\/image\/\",\"url\":\"https:\/\/csarpsm.fr\/wp-content\/uploads\/2019\/03\/logo-e1559848607446.png\",\"contentUrl\":\"https:\/\/csarpsm.fr\/wp-content\/uploads\/2019\/03\/logo-e1559848607446.png\",\"width\":128,\"height\":180,\"caption\":\"C.S.A.R. PSM\"},\"image\":{\"@id\":\"https:\/\/csarpsm.fr\/#\/schema\/logo\/image\/\"},\"sameAs\":[\"https:\/\/fr-fr.facebook.com\/CsarPsm16\/\"]}]}<\/script>\n<!-- \/ Yoast SEO plugin. -->","yoast_head_json":{"title":"L'histoire de notre logo - C.S.A.R. PSM","robots":{"index":"index","follow":"follow","max-snippet":"max-snippet:-1","max-image-preview":"max-image-preview:large","max-video-preview":"max-video-preview:-1"},"canonical":"https:\/\/csarpsm.fr\/index.php\/lhistoire-de-notre-logo\/","og_locale":"fr_FR","og_type":"article","og_title":"L'histoire de notre logo - C.S.A.R. PSM","og_description":"Merci \u00e0 Cyrille LE FOLGOC pour la r\u00e9alisation de cette petite vid\u00e9o &#8211; @Fev2024 Il y a quelques ann\u00e9es, l\u2019id\u00e9e de mat\u00e9rialiser le club par un logo s\u2019est manifest\u00e9e au &hellip; Continuer la lecture de &laquo;&nbsp;L&rsquo;histoire de notre logo&nbsp;&raquo;","og_url":"https:\/\/csarpsm.fr\/index.php\/lhistoire-de-notre-logo\/","og_site_name":"C.S.A.R. PSM","article_publisher":"https:\/\/fr-fr.facebook.com\/CsarPsm16\/","article_modified_time":"2024-02-17T09:06:34+00:00","og_image":[{"url":"https:\/\/csarpsm.fr\/wp-content\/uploads\/2024\/02\/logo-CSAR-PSM-origine-192x300.jpg","type":"","width":"","height":""}],"twitter_card":"summary_large_image","twitter_misc":{"Dur\u00e9e de lecture estim\u00e9e":"3 minutes"},"schema":{"@context":"https:\/\/schema.org","@graph":[{"@type":"WebPage","@id":"https:\/\/csarpsm.fr\/index.php\/lhistoire-de-notre-logo\/","url":"https:\/\/csarpsm.fr\/index.php\/lhistoire-de-notre-logo\/","name":"L'histoire de notre logo - C.S.A.R. PSM","isPartOf":{"@id":"https:\/\/csarpsm.fr\/#website"},"primaryImageOfPage":{"@id":"https:\/\/csarpsm.fr\/index.php\/lhistoire-de-notre-logo\/#primaryimage"},"image":{"@id":"https:\/\/csarpsm.fr\/index.php\/lhistoire-de-notre-logo\/#primaryimage"},"thumbnailUrl":"https:\/\/csarpsm.fr\/wp-content\/uploads\/2024\/02\/logo-CSAR-PSM-origine-192x300.jpg","datePublished":"2019-04-18T09:21:27+00:00","dateModified":"2024-02-17T09:06:34+00:00","breadcrumb":{"@id":"https:\/\/csarpsm.fr\/index.php\/lhistoire-de-notre-logo\/#breadcrumb"},"inLanguage":"fr-FR","potentialAction":[{"@type":"ReadAction","target":["https:\/\/csarpsm.fr\/index.php\/lhistoire-de-notre-logo\/"]}]},{"@type":"ImageObject","inLanguage":"fr-FR","@id":"https:\/\/csarpsm.fr\/index.php\/lhistoire-de-notre-logo\/#primaryimage","url":"https:\/\/csarpsm.fr\/wp-content\/uploads\/2024\/02\/logo-CSAR-PSM-origine.jpg","contentUrl":"https:\/\/csarpsm.fr\/wp-content\/uploads\/2024\/02\/logo-CSAR-PSM-origine.jpg","width":576,"height":900},{"@type":"BreadcrumbList","@id":"https:\/\/csarpsm.fr\/index.php\/lhistoire-de-notre-logo\/#breadcrumb","itemListElement":[{"@type":"ListItem","position":1,"name":"Accueil","item":"https:\/\/csarpsm.fr\/"},{"@type":"ListItem","position":2,"name":"L&rsquo;histoire de notre logo"}]},{"@type":"WebSite","@id":"https:\/\/csarpsm.fr\/#website","url":"https:\/\/csarpsm.fr\/","name":"C.S.A.R. PSM","description":"Club de Plong\u00e9e de Ruelle sur Touvre - N\u00b0affiliation FFESSM 02 16 00 85","publisher":{"@id":"https:\/\/csarpsm.fr\/#organization"},"potentialAction":[{"@type":"SearchAction","target":{"@type":"EntryPoint","urlTemplate":"https:\/\/csarpsm.fr\/?s={search_term_string}"},"query-input":{"@type":"PropertyValueSpecification","valueRequired":true,"valueName":"search_term_string"}}],"inLanguage":"fr-FR"},{"@type":"Organization","@id":"https:\/\/csarpsm.fr\/#organization","name":"C.S.A.R. PSM","url":"https:\/\/csarpsm.fr\/","logo":{"@type":"ImageObject","inLanguage":"fr-FR","@id":"https:\/\/csarpsm.fr\/#\/schema\/logo\/image\/","url":"https:\/\/csarpsm.fr\/wp-content\/uploads\/2019\/03\/logo-e1559848607446.png","contentUrl":"https:\/\/csarpsm.fr\/wp-content\/uploads\/2019\/03\/logo-e1559848607446.png","width":128,"height":180,"caption":"C.S.A.R. PSM"},"image":{"@id":"https:\/\/csarpsm.fr\/#\/schema\/logo\/image\/"},"sameAs":["https:\/\/fr-fr.facebook.com\/CsarPsm16\/"]}]}},"_links":{"self":[{"href":"https:\/\/csarpsm.fr\/index.php\/wp-json\/wp\/v2\/pages\/100","targetHints":{"allow":["GET"]}}],"collection":[{"href":"https:\/\/csarpsm.fr\/index.php\/wp-json\/wp\/v2\/pages"}],"about":[{"href":"https:\/\/csarpsm.fr\/index.php\/wp-json\/wp\/v2\/types\/page"}],"author":[{"embeddable":true,"href":"https:\/\/csarpsm.fr\/index.php\/wp-json\/wp\/v2\/users\/1"}],"replies":[{"embeddable":true,"href":"https:\/\/csarpsm.fr\/index.php\/wp-json\/wp\/v2\/comments?post=100"}],"version-history":[{"count":7,"href":"https:\/\/csarpsm.fr\/index.php\/wp-json\/wp\/v2\/pages\/100\/revisions"}],"predecessor-version":[{"id":3979,"href":"https:\/\/csarpsm.fr\/index.php\/wp-json\/wp\/v2\/pages\/100\/revisions\/3979"}],"wp:attachment":[{"href":"https:\/\/csarpsm.fr\/index.php\/wp-json\/wp\/v2\/media?parent=100"}],"curies":[{"name":"wp","href":"https:\/\/api.w.org\/{rel}","templated":true}]}}