{"id":104,"date":"2019-04-18T11:23:24","date_gmt":"2019-04-18T09:23:24","guid":{"rendered":"https:\/\/www.csarpsm.fr\/?page_id=104"},"modified":"2023-11-22T18:06:52","modified_gmt":"2023-11-22T17:06:52","slug":"petite-histoire-edifiante-du-club-destinee-a-leducation-des-nouveaux-arrivants-sans-oublier-les-anciens-a-la-memoire-defaillante","status":"publish","type":"page","link":"https:\/\/csarpsm.fr\/index.php\/petite-histoire-edifiante-du-club-destinee-a-leducation-des-nouveaux-arrivants-sans-oublier-les-anciens-a-la-memoire-defaillante\/","title":{"rendered":"L&rsquo;histoire du club"},"content":{"rendered":"<p><strong><span style=\"font-size: 14pt;\">Petite histoire \u00e9difiante du club destin\u00e9e \u00e0 l\u2019\u00e9ducation des nouveaux arrivants, sans oublier les anciens \u00e0 la m\u00e9moire d\u00e9faillante.<\/span><\/strong><\/p>\n<p>&nbsp;<\/p>\n<p>En 1975, Monsieur CHARBONNEL, qui se fera conna\u00eetre quelques ann\u00e9es plus tard comme pilote du premier bateau de promenade affr\u00e9t\u00e9 par la ville d\u2019Angoul\u00eame, mais ceci est une autre histoire, poss\u00e9dait un petit chalutier avec lequel il partait plonger en toute libert\u00e9. Il emmenait quelquefois un coll\u00e8gue de la fonderie, Pierre GARRAUD. Avec deux autres coll\u00e8gues plongeurs, Victor CECCHINI et Paul BIOJOUT, le groupe rejoignit l\u2019USAF-SVAR et devint une section \u00e0 part enti\u00e8re au sein du grand club de la fonderie.<\/p>\n<p>Je vous parle d\u2019un temps que les moins de vingt ans ne peuvent pas conna\u00ee\u00ee\u00ee\u00ee\u00ee&#8230;treu ! Le club en ce temps l\u00e0\u00e0\u00e0\u00e0 n\u2019avait pas de tubaaaa ! Comme aurait dit Aznavour. Au point qu\u2019il n\u2019y avait pratiquement pas de structure ni d\u2019esprit de collectivit\u00e9 pour faire tourner un club de mani\u00e8re coh\u00e9rente.<\/p>\n<p>Bref, ce qui devait arriver, arriva, le manque d\u2019organisation au niveau des rares adh\u00e9rents d\u00e9sirant se perfectionner dans des conditions d\u00e9centes au sein d\u2019un club digne de ce nom, fit appara\u00eetre l\u2019inconsistance technique et p\u00e9dagogique des responsables.<\/p>\n<p>Lors de l\u2018assembl\u00e9e g\u00e9n\u00e9rale de 1982, ceux-ci furent balay\u00e9s d\u2019un ample coup de palme par les dissidents qui reprirent les affaires en mains. Un nouveau bureau fut constitu\u00e9 avec de nouvelles t\u00eates, Pierre GARRAUD responsable de section, Bernard LERIN secr\u00e9taire et Jean-Philippe VASLIN tr\u00e9sorier. Ce triumvirat durera jusqu\u2019au d\u00e9part de Jean-Philippe pour raisons professionnelles en 1987 \u00e0 Toulon. Le poste de responsable de la section Plong\u00e9e sera alors repris par Claude BOUYER. Notons toutefois que ce dernier \u00e9tait d\u00e9j\u00e0 membre du bureau depuis 1983 ainsi qu&rsquo;un certain Didier DINDINAUD et son fr\u00e8re Jean-Louis. C&rsquo;est ainsi tout naturellement que Didier DINDINAUD prendra la suite de Claude en 1999.<\/p>\n<p>2003 sera une ann\u00e9e charni\u00e8re, puisque le CSAR PSM quitte son statut de section du CSAR et devient une association \u00e0 part enti\u00e8re. Didier DINDINAUD devient donc le premier Pr\u00e9sident lors de l&rsquo;assembl\u00e9e g\u00e9n\u00e9rale du 21 novembre 2003.<\/p>\n<p>Dix ans plus tard, une page se tourne en 2013, puisque Didier laisse son poste apr\u00e8s ces nombreuses ann\u00e9es de pr\u00e9sidence. C&rsquo;est Emmanuel DARTEVELLE qui est \u00e9lu en toute logique, de part son implication et sa connaissance des rouages du club ! En effet, plongeur exp\u00e9riment\u00e9, Manu 1er est licenci\u00e9 depuis 1991 et membre du bureau depuis de tr\u00e8s nombreuses ann\u00e9es !<\/p>\n<p>Enfin, apr\u00e8s une p\u00e9riode de 10 ann\u00e9es encore , Manu 1er laisse sa place \u00e0 Christophe PETIT ! Christophe est adh\u00e9rent du club du CSAR PSM depuis 2013 et est d\u00e9j\u00e0 aguerri \u00e0 de telles responsabilit\u00e9s puisqu&rsquo;il a occup\u00e9 le poste de Pr\u00e9sident de la section Ski du CSAR pendant quelques ann\u00e9es. Christophe est \u00e9galement plongeur assidu et initiateur guide de palanqu\u00e9e (E2) !<\/p>\n<table class=\"table\">\n<tbody>\n<tr>\n<td>De 1982 \u00e0 1987 :<\/td>\n<td>Responsable de section = Pierre GARRAUD<\/td>\n<\/tr>\n<tr>\n<td>De 1987 \u00e0 1999 :<\/td>\n<td>Responsable de section = Claude BOUYER<\/td>\n<\/tr>\n<tr>\n<td>De 1999 \u00e0 2003 :<\/td>\n<td>Responsable de section = Didier DINDINAUD<\/td>\n<\/tr>\n<tr>\n<td>De 2003 \u00e0 2013 :<\/td>\n<td>Pr\u00e9sident = Didier DINDINAUD<\/td>\n<\/tr>\n<tr>\n<td>De 2013 \u00e0 2023 :<\/td>\n<td>Pr\u00e9sident = Emmanuel DARTEVELLE<\/td>\n<\/tr>\n<tr>\n<td><strong>Depuis 2023<br \/>\n<\/strong><\/td>\n<td><strong>Pr\u00e9sident = Christophe PETIT<\/strong><\/td>\n<\/tr>\n<\/tbody>\n<\/table>\n","protected":false},"excerpt":{"rendered":"<p>Petite histoire \u00e9difiante du club destin\u00e9e \u00e0 l\u2019\u00e9ducation des nouveaux arrivants, sans oublier les anciens \u00e0 la m\u00e9moire d\u00e9faillante. &nbsp; En 1975, Monsieur CHARBONNEL, qui se fera conna\u00eetre quelques ann\u00e9es &hellip; <\/p>\n<p class=\"link-more\"><a href=\"https:\/\/csarpsm.fr\/index.php\/petite-histoire-edifiante-du-club-destinee-a-leducation-des-nouveaux-arrivants-sans-oublier-les-anciens-a-la-memoire-defaillante\/\" class=\"more-link\">Continuer la lecture<span class=\"screen-reader-text\"> de &laquo;&nbsp;L&rsquo;histoire du club&nbsp;&raquo;<\/span><\/a><\/p>\n","protected":false},"author":1,"featured_media":0,"parent":0,"menu_order":0,"comment_status":"closed","ping_status":"closed","template":"","meta":{"_acf_changed":false,"ngg_post_thumbnail":0,"footnotes":""},"class_list":["post-104","page","type-page","status-publish","hentry"],"acf":[],"yoast_head":"<!-- This site is optimized with the Yoast SEO plugin v24.9 - https:\/\/yoast.com\/wordpress\/plugins\/seo\/ -->\n<title>L&#039;histoire du club - C.S.A.R. PSM<\/title>\n<meta name=\"robots\" content=\"index, follow, max-snippet:-1, max-image-preview:large, max-video-preview:-1\" \/>\n<link rel=\"canonical\" href=\"https:\/\/csarpsm.fr\/index.php\/petite-histoire-edifiante-du-club-destinee-a-leducation-des-nouveaux-arrivants-sans-oublier-les-anciens-a-la-memoire-defaillante\/\" \/>\n<meta property=\"og:locale\" content=\"fr_FR\" \/>\n<meta property=\"og:type\" content=\"article\" \/>\n<meta property=\"og:title\" content=\"L&#039;histoire du club - C.S.A.R. PSM\" \/>\n<meta property=\"og:description\" content=\"Petite histoire \u00e9difiante du club destin\u00e9e \u00e0 l\u2019\u00e9ducation des nouveaux arrivants, sans oublier les anciens \u00e0 la m\u00e9moire d\u00e9faillante. &nbsp; En 1975, Monsieur CHARBONNEL, qui se fera conna\u00eetre quelques ann\u00e9es &hellip; Continuer la lecture de &laquo;&nbsp;L&rsquo;histoire du club&nbsp;&raquo;\" \/>\n<meta property=\"og:url\" content=\"https:\/\/csarpsm.fr\/index.php\/petite-histoire-edifiante-du-club-destinee-a-leducation-des-nouveaux-arrivants-sans-oublier-les-anciens-a-la-memoire-defaillante\/\" \/>\n<meta property=\"og:site_name\" content=\"C.S.A.R. PSM\" \/>\n<meta property=\"article:publisher\" content=\"https:\/\/fr-fr.facebook.com\/CsarPsm16\/\" \/>\n<meta property=\"article:modified_time\" content=\"2023-11-22T17:06:52+00:00\" \/>\n<meta name=\"twitter:card\" content=\"summary_large_image\" \/>\n<meta name=\"twitter:label1\" content=\"Dur\u00e9e de lecture estim\u00e9e\" \/>\n\t<meta name=\"twitter:data1\" content=\"3 minutes\" \/>\n<script type=\"application\/ld+json\" class=\"yoast-schema-graph\">{\"@context\":\"https:\/\/schema.org\",\"@graph\":[{\"@type\":\"WebPage\",\"@id\":\"https:\/\/csarpsm.fr\/index.php\/petite-histoire-edifiante-du-club-destinee-a-leducation-des-nouveaux-arrivants-sans-oublier-les-anciens-a-la-memoire-defaillante\/\",\"url\":\"https:\/\/csarpsm.fr\/index.php\/petite-histoire-edifiante-du-club-destinee-a-leducation-des-nouveaux-arrivants-sans-oublier-les-anciens-a-la-memoire-defaillante\/\",\"name\":\"L'histoire du club - C.S.A.R. PSM\",\"isPartOf\":{\"@id\":\"https:\/\/csarpsm.fr\/#website\"},\"datePublished\":\"2019-04-18T09:23:24+00:00\",\"dateModified\":\"2023-11-22T17:06:52+00:00\",\"breadcrumb\":{\"@id\":\"https:\/\/csarpsm.fr\/index.php\/petite-histoire-edifiante-du-club-destinee-a-leducation-des-nouveaux-arrivants-sans-oublier-les-anciens-a-la-memoire-defaillante\/#breadcrumb\"},\"inLanguage\":\"fr-FR\",\"potentialAction\":[{\"@type\":\"ReadAction\",\"target\":[\"https:\/\/csarpsm.fr\/index.php\/petite-histoire-edifiante-du-club-destinee-a-leducation-des-nouveaux-arrivants-sans-oublier-les-anciens-a-la-memoire-defaillante\/\"]}]},{\"@type\":\"BreadcrumbList\",\"@id\":\"https:\/\/csarpsm.fr\/index.php\/petite-histoire-edifiante-du-club-destinee-a-leducation-des-nouveaux-arrivants-sans-oublier-les-anciens-a-la-memoire-defaillante\/#breadcrumb\",\"itemListElement\":[{\"@type\":\"ListItem\",\"position\":1,\"name\":\"Accueil\",\"item\":\"https:\/\/csarpsm.fr\/\"},{\"@type\":\"ListItem\",\"position\":2,\"name\":\"L&rsquo;histoire du club\"}]},{\"@type\":\"WebSite\",\"@id\":\"https:\/\/csarpsm.fr\/#website\",\"url\":\"https:\/\/csarpsm.fr\/\",\"name\":\"C.S.A.R. PSM\",\"description\":\"Club de Plong\u00e9e de Ruelle sur Touvre - N\u00b0affiliation FFESSM 02 16 00 85\",\"publisher\":{\"@id\":\"https:\/\/csarpsm.fr\/#organization\"},\"potentialAction\":[{\"@type\":\"SearchAction\",\"target\":{\"@type\":\"EntryPoint\",\"urlTemplate\":\"https:\/\/csarpsm.fr\/?s={search_term_string}\"},\"query-input\":{\"@type\":\"PropertyValueSpecification\",\"valueRequired\":true,\"valueName\":\"search_term_string\"}}],\"inLanguage\":\"fr-FR\"},{\"@type\":\"Organization\",\"@id\":\"https:\/\/csarpsm.fr\/#organization\",\"name\":\"C.S.A.R. PSM\",\"url\":\"https:\/\/csarpsm.fr\/\",\"logo\":{\"@type\":\"ImageObject\",\"inLanguage\":\"fr-FR\",\"@id\":\"https:\/\/csarpsm.fr\/#\/schema\/logo\/image\/\",\"url\":\"https:\/\/csarpsm.fr\/wp-content\/uploads\/2019\/03\/logo-e1559848607446.png\",\"contentUrl\":\"https:\/\/csarpsm.fr\/wp-content\/uploads\/2019\/03\/logo-e1559848607446.png\",\"width\":128,\"height\":180,\"caption\":\"C.S.A.R. PSM\"},\"image\":{\"@id\":\"https:\/\/csarpsm.fr\/#\/schema\/logo\/image\/\"},\"sameAs\":[\"https:\/\/fr-fr.facebook.com\/CsarPsm16\/\"]}]}<\/script>\n<!-- \/ Yoast SEO plugin. -->","yoast_head_json":{"title":"L'histoire du club - C.S.A.R. PSM","robots":{"index":"index","follow":"follow","max-snippet":"max-snippet:-1","max-image-preview":"max-image-preview:large","max-video-preview":"max-video-preview:-1"},"canonical":"https:\/\/csarpsm.fr\/index.php\/petite-histoire-edifiante-du-club-destinee-a-leducation-des-nouveaux-arrivants-sans-oublier-les-anciens-a-la-memoire-defaillante\/","og_locale":"fr_FR","og_type":"article","og_title":"L'histoire du club - C.S.A.R. PSM","og_description":"Petite histoire \u00e9difiante du club destin\u00e9e \u00e0 l\u2019\u00e9ducation des nouveaux arrivants, sans oublier les anciens \u00e0 la m\u00e9moire d\u00e9faillante. &nbsp; En 1975, Monsieur CHARBONNEL, qui se fera conna\u00eetre quelques ann\u00e9es &hellip; Continuer la lecture de &laquo;&nbsp;L&rsquo;histoire du club&nbsp;&raquo;","og_url":"https:\/\/csarpsm.fr\/index.php\/petite-histoire-edifiante-du-club-destinee-a-leducation-des-nouveaux-arrivants-sans-oublier-les-anciens-a-la-memoire-defaillante\/","og_site_name":"C.S.A.R. PSM","article_publisher":"https:\/\/fr-fr.facebook.com\/CsarPsm16\/","article_modified_time":"2023-11-22T17:06:52+00:00","twitter_card":"summary_large_image","twitter_misc":{"Dur\u00e9e de lecture estim\u00e9e":"3 minutes"},"schema":{"@context":"https:\/\/schema.org","@graph":[{"@type":"WebPage","@id":"https:\/\/csarpsm.fr\/index.php\/petite-histoire-edifiante-du-club-destinee-a-leducation-des-nouveaux-arrivants-sans-oublier-les-anciens-a-la-memoire-defaillante\/","url":"https:\/\/csarpsm.fr\/index.php\/petite-histoire-edifiante-du-club-destinee-a-leducation-des-nouveaux-arrivants-sans-oublier-les-anciens-a-la-memoire-defaillante\/","name":"L'histoire du club - C.S.A.R. PSM","isPartOf":{"@id":"https:\/\/csarpsm.fr\/#website"},"datePublished":"2019-04-18T09:23:24+00:00","dateModified":"2023-11-22T17:06:52+00:00","breadcrumb":{"@id":"https:\/\/csarpsm.fr\/index.php\/petite-histoire-edifiante-du-club-destinee-a-leducation-des-nouveaux-arrivants-sans-oublier-les-anciens-a-la-memoire-defaillante\/#breadcrumb"},"inLanguage":"fr-FR","potentialAction":[{"@type":"ReadAction","target":["https:\/\/csarpsm.fr\/index.php\/petite-histoire-edifiante-du-club-destinee-a-leducation-des-nouveaux-arrivants-sans-oublier-les-anciens-a-la-memoire-defaillante\/"]}]},{"@type":"BreadcrumbList","@id":"https:\/\/csarpsm.fr\/index.php\/petite-histoire-edifiante-du-club-destinee-a-leducation-des-nouveaux-arrivants-sans-oublier-les-anciens-a-la-memoire-defaillante\/#breadcrumb","itemListElement":[{"@type":"ListItem","position":1,"name":"Accueil","item":"https:\/\/csarpsm.fr\/"},{"@type":"ListItem","position":2,"name":"L&rsquo;histoire du club"}]},{"@type":"WebSite","@id":"https:\/\/csarpsm.fr\/#website","url":"https:\/\/csarpsm.fr\/","name":"C.S.A.R. PSM","description":"Club de Plong\u00e9e de Ruelle sur Touvre - N\u00b0affiliation FFESSM 02 16 00 85","publisher":{"@id":"https:\/\/csarpsm.fr\/#organization"},"potentialAction":[{"@type":"SearchAction","target":{"@type":"EntryPoint","urlTemplate":"https:\/\/csarpsm.fr\/?s={search_term_string}"},"query-input":{"@type":"PropertyValueSpecification","valueRequired":true,"valueName":"search_term_string"}}],"inLanguage":"fr-FR"},{"@type":"Organization","@id":"https:\/\/csarpsm.fr\/#organization","name":"C.S.A.R. PSM","url":"https:\/\/csarpsm.fr\/","logo":{"@type":"ImageObject","inLanguage":"fr-FR","@id":"https:\/\/csarpsm.fr\/#\/schema\/logo\/image\/","url":"https:\/\/csarpsm.fr\/wp-content\/uploads\/2019\/03\/logo-e1559848607446.png","contentUrl":"https:\/\/csarpsm.fr\/wp-content\/uploads\/2019\/03\/logo-e1559848607446.png","width":128,"height":180,"caption":"C.S.A.R. PSM"},"image":{"@id":"https:\/\/csarpsm.fr\/#\/schema\/logo\/image\/"},"sameAs":["https:\/\/fr-fr.facebook.com\/CsarPsm16\/"]}]}},"_links":{"self":[{"href":"https:\/\/csarpsm.fr\/index.php\/wp-json\/wp\/v2\/pages\/104","targetHints":{"allow":["GET"]}}],"collection":[{"href":"https:\/\/csarpsm.fr\/index.php\/wp-json\/wp\/v2\/pages"}],"about":[{"href":"https:\/\/csarpsm.fr\/index.php\/wp-json\/wp\/v2\/types\/page"}],"author":[{"embeddable":true,"href":"https:\/\/csarpsm.fr\/index.php\/wp-json\/wp\/v2\/users\/1"}],"replies":[{"embeddable":true,"href":"https:\/\/csarpsm.fr\/index.php\/wp-json\/wp\/v2\/comments?post=104"}],"version-history":[{"count":6,"href":"https:\/\/csarpsm.fr\/index.php\/wp-json\/wp\/v2\/pages\/104\/revisions"}],"predecessor-version":[{"id":3795,"href":"https:\/\/csarpsm.fr\/index.php\/wp-json\/wp\/v2\/pages\/104\/revisions\/3795"}],"wp:attachment":[{"href":"https:\/\/csarpsm.fr\/index.php\/wp-json\/wp\/v2\/media?parent=104"}],"curies":[{"name":"wp","href":"https:\/\/api.w.org\/{rel}","templated":true}]}}