{"id":238,"date":"2019-06-17T22:08:20","date_gmt":"2019-06-17T20:08:20","guid":{"rendered":"https:\/\/www.csarpsm.fr\/?page_id=238"},"modified":"2025-09-02T13:36:27","modified_gmt":"2025-09-02T11:36:27","slug":"238-2","status":"publish","type":"page","link":"https:\/\/csarpsm.fr\/index.php\/238-2\/","title":{"rendered":"Encadrants"},"content":{"rendered":"<p style=\"text-align: center;\"><span style=\"font-size: 18pt;\"><strong>Liste des encadrants 2025-2026<\/strong><\/span><\/p>\n\n<table id=\"tablepress-2\" class=\"tablepress tablepress-id-2\">\n<tbody class=\"row-hover\">\n<tr class=\"row-1 odd\">\n\t<td colspan=\"5\" class=\"column-1\"><strong>LES MONITEURS APNEE<\/strong><\/td>\n<\/tr>\n<tr class=\"row-2 even\">\n\t<td class=\"column-1\"><img loading=\"lazy\" decoding=\"async\" src=\"https:\/\/csarpsm.fr\/wp-content\/uploads\/2019\/06\/Laurent_BAGES.jpg\" alt=\"\" width=\"96\" height=\"129\" class=\"alignnone size-full wp-image-505\" \/><br \/>\nLaurent BAGES - IE2 n\u00b0xx<\/td><td class=\"column-2\"><img loading=\"lazy\" decoding=\"async\" src=\"https:\/\/www.csarpsm.fr\/wp-content\/uploads\/2019\/07\/Mickael_GUALBERT_2.jpg\" alt=\"\" width=\"96\" height=\"129\" class=\"alignnone size-full wp-image-505\" \/><br \/>\nMickael GUALBERT - IE2 n\u00b024004560<\/td><td class=\"column-3\"><img loading=\"lazy\" decoding=\"async\" src=\"https:\/\/csarpsm.fr\/wp-content\/uploads\/2023\/12\/Cyrille_LEFOLGOC.jpg\" alt=\"\" width=\"100\" height=\"139\" class=\"alignnone size-full wp-image-504\" \/><br \/>\nCyrille LE FOLGOC - <br \/>\nIE2 n\u00b0xx<\/td><td class=\"column-4\"><img loading=\"lazy\" decoding=\"async\" src=\"https:\/\/www.csarpsm.fr\/wp-content\/uploads\/2019\/06\/Clement_MYARD.jpg\" alt=\"\" width=\"105\" height=\"141\" class=\"alignnone size-full wp-image-207\" \/><br \/>\nCl\u00e9ment MYARD - <br \/>\nIE2 n\u00b0xx<\/td><td class=\"column-5\"><img loading=\"lazy\" decoding=\"async\" src=\"https:\/\/csarpsm.fr\/wp-content\/uploads\/2023\/12\/Christophe_PETIT_v2.jpg\" alt=\"\" width=\"116\" height=\"159\" class=\"alignnone size-full wp-image-206\" \/><br \/>\nChristophe PETIT - <br \/>\nIE2 n\u00b0xx<\/td>\n<\/tr>\n<tr class=\"row-3 odd\">\n\t<td class=\"column-1\"><img loading=\"lazy\" decoding=\"async\" src=\"https:\/\/csarpsm.fr\/wp-content\/uploads\/2026\/02\/Emmanuel_PETITv4.jpg\" alt=\"\" width=\"102\" height=\"130\" class=\"alignnone size-full wp-image-210\" \/><br \/>\nEmmanuel PETIT - IE2 n\u00b024004561<\/td><td class=\"column-2\"><img loading=\"lazy\" decoding=\"async\" src=\"https:\/\/csarpsm.fr\/wp-content\/uploads\/2024\/06\/Eric_GLAPPIER.jpg\" alt=\"\" width=\"105\" height=\"141\" class=\"alignnone size-full wp-image-207\" \/><br \/>\nEric GLAPPIER -  <br \/>\nMEF1 n\u00b016001051<\/td><td class=\"column-3\"><\/td><td class=\"column-4\"><\/td><td class=\"column-5\"><\/td>\n<\/tr>\n<tr class=\"row-4 even\">\n\t<td colspan=\"5\" class=\"column-1\"><strong>LES STAGIAIRES PEDAGOGIQUES PLONGEE<\/strong><\/td>\n<\/tr>\n<tr class=\"row-5 odd\">\n\t<td class=\"column-1\"><img loading=\"lazy\" decoding=\"async\" src=\"https:\/\/csarpsm.fr\/wp-content\/uploads\/2025\/08\/Celine_BERNARD2.jpg\" alt=\"\" width=\"111\" height=\"140\" class=\"alignnone size-full wp-image-211\" \/><br \/>\nC\u00e9line BERNARD - <br \/>\nStagiaire E2\/N4<\/td><td class=\"column-2\"><img loading=\"lazy\" decoding=\"async\" src=\"https:\/\/csarpsm.fr\/wp-content\/uploads\/2023\/07\/Herwan_KERIHUEL.jpg\" alt=\"\" width=\"111\" height=\"140\" class=\"alignnone size-full wp-image-211\" \/><br \/>\nHerwan KERIHUEL - <br \/>\nStagiaire E2\/N4<\/td><td class=\"column-3\"><img loading=\"lazy\" decoding=\"async\" src=\"https:\/\/csarpsm.fr\/wp-content\/uploads\/2025\/10\/JChristophe_REY.jpg\" alt=\"\" width=\"111\" height=\"140\" class=\"alignnone size-full wp-image-211\" \/><br \/>\nJean-Christophe REY - <br \/>\nStagiaire E2\/N4<\/td><td class=\"column-4\"><img loading=\"lazy\" decoding=\"async\" src=\"https:\/\/csarpsm.fr\/wp-content\/uploads\/2023\/09\/Vincent_CHATEAU_3.jpg\" alt=\"\" width=\"100\" height=\"139\" class=\"alignnone size-full wp-image-504\" \/><br \/>\nVincent CHATEAU - <br \/>\nStagiaire E3\/MF1<\/td><td class=\"column-5\"><img loading=\"lazy\" decoding=\"async\" src=\"https:\/\/csarpsm.fr\/wp-content\/uploads\/2021\/08\/Christian_ACKER.jpg\" alt=\"\" width=\"100\" height=\"139\" class=\"alignnone size-full wp-image-504\" \/><br \/>\nChristian ACKER - <br \/>\nStagiaire E4\/MF2<\/td>\n<\/tr>\n<tr class=\"row-6 even\">\n\t<td colspan=\"5\" class=\"column-1\"><strong>LES INITIATEURS E1 \/ NIVEAU 2 ET 3<\/strong><\/td>\n<\/tr>\n<tr class=\"row-7 odd\">\n\t<td class=\"column-1\"><img loading=\"lazy\" decoding=\"async\" src=\"https:\/\/csarpsm.fr\/wp-content\/uploads\/2019\/06\/Laurent_BAGES.jpg\" alt=\"\" width=\"100\" height=\"139\" class=\"alignnone size-full wp-image-504\" \/><br \/>\nLaurent BAGES - <br \/>\nN2\/E1 n\u00b073586<\/td><td class=\"column-2\"><img loading=\"lazy\" decoding=\"async\" src=\"https:\/\/www.csarpsm.fr\/wp-content\/uploads\/2019\/06\/Photoidentit\u00e9JFD.jpg\" alt=\"\" width=\"117\" height=\"91\" class=\"alignnone size-full wp-image-212\" \/><br \/>\nJean-Fran\u00e7ois DUROUDIER  - N2\/E1 n\u00b036277<\/td><td class=\"column-3\"><img loading=\"lazy\" decoding=\"async\" src=\"https:\/\/www.csarpsm.fr\/wp-content\/uploads\/2019\/11\/Antoine_BERSAC.jpg\" alt=\"\" width=\"100\" height=\"139\" class=\"alignnone size-full wp-image-504\" \/><br \/>\nAntoine BERSAC - <br \/>\nN3\/E1 n\u00b080786<\/td><td class=\"column-4\"><img loading=\"lazy\" decoding=\"async\" src=\"https:\/\/csarpsm.fr\/wp-content\/uploads\/2023\/12\/Sophie_BRACHET.jpg\" alt=\"\" width=\"100\" height=\"139\" class=\"alignnone size-full wp-image-504\" \/><br \/>\nSophie BRACHET - <br \/>\nN3\/E1 n\u00b081831<\/td><td class=\"column-5\"><img loading=\"lazy\" decoding=\"async\" src=\"https:\/\/www.csarpsm.fr\/wp-content\/uploads\/2022\/07\/Romain_DURAND.jpg\" alt=\"\" width=\"100\" height=\"139\" class=\"alignnone size-full wp-image-504\" \/><br \/>\nRomain DURAND - <br \/>\nN3\/E1 n\u00b080793<\/td>\n<\/tr>\n<tr class=\"row-8 even\">\n\t<td class=\"column-1\"><img loading=\"lazy\" decoding=\"async\" src=\"https:\/\/csarpsm.fr\/wp-content\/uploads\/2024\/06\/Eric_GLAPPIER.jpg\" alt=\"\" width=\"105\" height=\"141\" class=\"alignnone size-full wp-image-207\" \/><br \/>\nEric GLAPPIER - <br \/>\nN3\/E1 n\u00b073583<\/td><td class=\"column-2\"><img loading=\"lazy\" decoding=\"async\" src=\"https:\/\/www.csarpsm.fr\/wp-content\/uploads\/2019\/06\/Thierry_LHIGUINER.jpg\" alt=\"\" width=\"112\" height=\"141\" class=\"alignnone size-full wp-image-224\" \/><br \/>\nThierry L'HIGUINER - <br \/>\nN3\/E1 n\u00b073260<\/td><td class=\"column-3\"><img loading=\"lazy\" decoding=\"async\" src=\"https:\/\/csarpsm.fr\/wp-content\/uploads\/2023\/12\/Cyrille_LEFOLGOC.jpg\" alt=\"\" width=\"100\" height=\"139\" class=\"alignnone size-full wp-image-504\" \/><br \/>\nCyrille LE FOLGOC - <br \/>\nN3\/E1 n\u00b083453<\/td><td colspan=\"2\" class=\"column-4\"><img loading=\"lazy\" decoding=\"async\" src=\"https:\/\/csarpsm.fr\/wp-content\/uploads\/2023\/12\/MarieEva_ROUDEAU.jpg\" alt=\"\" width=\"100\" height=\"139\" class=\"alignnone size-full wp-image-504\" \/><br \/>\nMarie-Eva ROUDEAU - <br \/>\nN3\/E1 n\u00b083472<\/td>\n<\/tr>\n<tr class=\"row-9 odd\">\n\t<td colspan=\"5\" class=\"column-1\"><strong>LES INITIATEURS E2 \/ NIVEAU 4 \/ GUIDES DE PALANQUEE<\/strong><\/td>\n<\/tr>\n<tr class=\"row-10 even\">\n\t<td class=\"column-1\"><img loading=\"lazy\" decoding=\"async\" src=\"https:\/\/csarpsm.fr\/wp-content\/uploads\/2023\/09\/Vincent_CHATEAU_3.jpg\" alt=\"\" width=\"100\" height=\"139\" class=\"alignnone size-full wp-image-504\" \/><br \/>\nVincent CHATEAU - <br \/>\nN4\/E2 n\u00b025363 - R\u00e9f\u00e9rent N1 &amp; N3<\/td><td class=\"column-2\"><img loading=\"lazy\" decoding=\"async\" src=\"https:\/\/csarpsm.fr\/wp-content\/uploads\/2022\/12\/Jean_Claude_COMBE.jpg\" alt=\"\" width=\"100\" height=\"139\" class=\"alignnone size-full wp-image-504\" \/><br \/>\nJean-Claude COMBE - <br \/>\nN4\/E2 n\u00b026615<\/td><td class=\"column-3\"><img loading=\"lazy\" decoding=\"async\" src=\"https:\/\/csarpsm.fr\/wp-content\/uploads\/2023\/12\/Christophe_PETIT_v2.jpg\" alt=\"\" width=\"116\" height=\"159\" class=\"alignnone size-full wp-image-206\" \/><br \/>\nChristophe PETIT - <br \/>\nN4\/E2 n\u00b023341<\/td><td colspan=\"2\" class=\"column-4\"><img loading=\"lazy\" decoding=\"async\" src=\"https:\/\/www.csarpsm.fr\/wp-content\/uploads\/2019\/06\/Sylvain_VALEGEAS.jpg\" alt=\"\" width=\"111\" height=\"140\" class=\"alignnone size-full wp-image-211\" \/><br \/>\nSylvain VALEGEAS - <br \/>\nN4\/E2 n\u00b0 20602<\/td>\n<\/tr>\n<tr class=\"row-11 odd\">\n\t<td class=\"column-1\"><img loading=\"lazy\" decoding=\"async\" src=\"https:\/\/csarpsm.fr\/wp-content\/uploads\/2025\/08\/Celine_BERNARD2.jpg\" alt=\"\" width=\"111\" height=\"140\" class=\"alignnone size-full wp-image-211\" \/><br \/>\nC\u00e9line BERNARD - <br \/>\nN4 n\u00b0 81367<\/td><td class=\"column-2\"><img loading=\"lazy\" decoding=\"async\" src=\"https:\/\/csarpsm.fr\/wp-content\/uploads\/2023\/07\/Herwan_KERIHUEL.jpg\" alt=\"\" width=\"111\" height=\"140\" class=\"alignnone size-full wp-image-211\" \/><br \/>\nHerwan KERIHUEL - <br \/>\nN4 n\u00b0 79681<\/td><td colspan=\"3\" class=\"column-3\"><img loading=\"lazy\" decoding=\"async\" src=\"https:\/\/csarpsm.fr\/wp-content\/uploads\/2025\/10\/JChristophe_REY.jpg\" alt=\"\" width=\"111\" height=\"140\" class=\"alignnone size-full wp-image-211\" \/><br \/>\nJean-Christophe REY - <br \/>\nN4 n\u00b0 81384<\/td>\n<\/tr>\n<tr class=\"row-12 even\">\n\t<td colspan=\"5\" class=\"column-1\"><strong>LES INITIATEURS E2 \/ NIVEAU 5<\/strong><\/td>\n<\/tr>\n<tr class=\"row-13 odd\">\n\t<td class=\"column-1\"><img loading=\"lazy\" decoding=\"async\" src=\"https:\/\/www.csarpsm.fr\/wp-content\/uploads\/2019\/07\/Mickael_GUALBERT_2.jpg\" alt=\"\" width=\"96\" height=\"129\" class=\"alignnone size-full wp-image-505\" \/><br \/>\nMickael GUALBERT - <br \/>\nN5\/E2 n\u00b023708<\/td><td class=\"column-2\"><img loading=\"lazy\" decoding=\"async\" src=\"https:\/\/csarpsm.fr\/wp-content\/uploads\/2024\/08\/Yolande_HEBRE_4.jpg\" alt=\"\" width=\"109\" height=\"150\" class=\"alignnone size-full wp-image-217\" \/><br \/>\nYolande HEBRE - <br \/>\nN5\/E2 n\u00b015578<\/td><td class=\"column-3\"><img loading=\"lazy\" decoding=\"async\" src=\"https:\/\/www.csarpsm.fr\/wp-content\/uploads\/2019\/06\/Laurent_THOMAS.jpg\" alt=\"\" width=\"109\" height=\"150\" class=\"alignnone size-full wp-image-217\" \/><br \/>\nLaurent THOMAS - <br \/>\nN5\/E2 n\u00b023342<\/td><td class=\"column-4\"><img loading=\"lazy\" decoding=\"async\" src=\"https:\/\/www.csarpsm.fr\/wp-content\/uploads\/2019\/06\/Pierre_VILLENEUVE.jpg\" alt=\"\" width=\"100\" height=\"130\" class=\"alignnone size-full wp-image-220\" \/><br \/>\nPierre VILLENEUVE - <br \/>\nN5\/E2 n\u00b020586<\/td><td class=\"column-5\"><\/td>\n<\/tr>\n<tr class=\"row-14 even\">\n\t<td colspan=\"5\" class=\"column-1\"><strong>LES MONITEURS F\u00c9D\u00c9RAUX 1er DEGR\u00c9 - E3<\/strong><\/td>\n<\/tr>\n<tr class=\"row-15 odd\">\n\t<td class=\"column-1\"><img loading=\"lazy\" decoding=\"async\" src=\"https:\/\/csarpsm.fr\/wp-content\/uploads\/2021\/08\/Christian_ACKER.jpg\" alt=\"\" width=\"100\" height=\"139\" class=\"alignnone size-full wp-image-504\" \/><br \/>\nChristian ACKER - <br \/>\nMF1\/E3 n\u00b030158 - R\u00e9f\u00e9rent N3<\/td><td class=\"column-2\"><img loading=\"lazy\" decoding=\"async\" src=\"https:\/\/www.csarpsm.fr\/wp-content\/uploads\/2019\/11\/Laurent_BORDRON.jpg\" alt=\"\" width=\"105\" height=\"148\" class=\"alignnone size-full wp-image-216\" \/><br \/>\nLaurent BORDRON - <br \/>\nMF1\/E3 n\u00b028580<\/td><td class=\"column-3\"><img loading=\"lazy\" decoding=\"async\" src=\"https:\/\/www.csarpsm.fr\/wp-content\/uploads\/2019\/06\/Yann_CALVEZ-e1560800772419.jpg\" alt=\"\" width=\"103\" height=\"137\" class=\"alignnone size-full wp-image-226\" \/><br \/>\nYann CALVEZ - <br \/>\nMF1\/E3 n\u00b025050<\/td><td class=\"column-4\"><img loading=\"lazy\" decoding=\"async\" src=\"https:\/\/www.csarpsm.fr\/wp-content\/uploads\/2019\/06\/Emmanuel_DARTEVELLE.jpg\" alt=\"\" width=\"119\" height=\"139\" class=\"alignnone size-full wp-image-209\" \/><br \/>\nEmmanuel DARTEVELLE - <br \/>\nMF1\/E3 n\u00b012780 <\/td><td class=\"column-5\"><img loading=\"lazy\" decoding=\"async\" src=\"https:\/\/www.csarpsm.fr\/wp-content\/uploads\/2019\/06\/Didier_DINDINAUD.jpg\" alt=\"\" width=\"103\" height=\"139\" class=\"alignnone size-full wp-image-208\" \/><br \/>\nDidier DINDINAUD - <br \/>\nMF1\/E3 n\u00b06011<\/td>\n<\/tr>\n<tr class=\"row-16 even\">\n\t<td class=\"column-1\"><img loading=\"lazy\" decoding=\"async\" src=\"https:\/\/csarpsm.fr\/wp-content\/uploads\/2026\/02\/Benoit_JALLAGEAS1.jpg\" alt=\"\" width=\"90\" height=\"132\" class=\"alignnone size-full wp-image-223\" \/><br \/>\nBenoit JALLAGEAS - <br \/>\nMF1\/E3 n\u00b0 29953 - R\u00e9f\u00e9rent N2<\/td><td class=\"column-2\"><img loading=\"lazy\" decoding=\"async\" src=\"https:\/\/www.csarpsm.fr\/wp-content\/uploads\/2019\/07\/Amelia-MARILLAUD.jpg\" alt=\"\" width=\"112\" height=\"141\" class=\"alignnone size-full wp-image-224\" \/><br \/>\nAmelia MARILLAUD - <br \/>\nMF1\/E3 n\u00b030683<\/td><td class=\"column-3\"><img loading=\"lazy\" decoding=\"async\" src=\"https:\/\/www.csarpsm.fr\/wp-content\/uploads\/2019\/06\/Clement_MYARD.jpg\" alt=\"\" width=\"105\" height=\"141\" class=\"alignnone size-full wp-image-207\" \/><br \/>\nCl\u00e9ment MYARD - <br \/>\nMF1\/E3 n\u00b027161 <\/td><td class=\"column-4\"><\/td><td class=\"column-5\"><\/td>\n<\/tr>\n<tr class=\"row-17 odd\">\n\t<td colspan=\"5\" class=\"column-1\"><strong>LES MONITEURS F\u00c9D\u00c9RAUX 2\u00e8me DEGR\u00c9 - E4<\/strong><\/td>\n<\/tr>\n<tr class=\"row-18 even\">\n\t<td class=\"column-1\"><img loading=\"lazy\" decoding=\"async\" src=\"https:\/\/csarpsm.fr\/wp-content\/uploads\/2026\/02\/JL_DINDINAUD_4.jpg\" alt=\"\" width=\"103\" height=\"136\" class=\"alignnone size-full wp-image-213\" \/><br \/>\nJean-Louis DINDINAUD - <br \/>\nMF2\/E4 n\u00b0544 -<br \/>\n Instructeur National n\u00b0132<\/td><td class=\"column-2\"><img loading=\"lazy\" decoding=\"async\" src=\"https:\/\/csarpsm.fr\/wp-content\/uploads\/2026\/02\/Emmanuel_PETITv4.jpg\" alt=\"\" width=\"102\" height=\"130\" class=\"alignnone size-full wp-image-210\" \/><br \/>\nEmmanuel PETIT - <br \/>\nMF2\/E4 n\u00b02137 - Instructeur R\u00e9gional n\u00b073<\/td><td class=\"column-3\"><\/td><td class=\"column-4\"><\/td><td class=\"column-5\"><\/td>\n<\/tr>\n<\/tbody>\n<\/table>\n\n","protected":false},"excerpt":{"rendered":"<p>Liste des encadrants 2025-2026<\/p>\n","protected":false},"author":1,"featured_media":0,"parent":0,"menu_order":0,"comment_status":"closed","ping_status":"closed","template":"","meta":{"_acf_changed":false,"ngg_post_thumbnail":0,"footnotes":""},"class_list":["post-238","page","type-page","status-publish","hentry"],"acf":[],"yoast_head":"<!-- This site is optimized with the Yoast SEO plugin v24.9 - https:\/\/yoast.com\/wordpress\/plugins\/seo\/ -->\n<title>Encadrants - C.S.A.R. PSM<\/title>\n<meta name=\"robots\" content=\"index, follow, max-snippet:-1, max-image-preview:large, max-video-preview:-1\" \/>\n<link rel=\"canonical\" href=\"https:\/\/csarpsm.fr\/index.php\/238-2\/\" \/>\n<meta property=\"og:locale\" content=\"fr_FR\" \/>\n<meta property=\"og:type\" content=\"article\" \/>\n<meta property=\"og:title\" content=\"Encadrants - C.S.A.R. PSM\" \/>\n<meta property=\"og:description\" content=\"Liste des encadrants 2025-2026\" \/>\n<meta property=\"og:url\" content=\"https:\/\/csarpsm.fr\/index.php\/238-2\/\" \/>\n<meta property=\"og:site_name\" content=\"C.S.A.R. PSM\" \/>\n<meta property=\"article:publisher\" content=\"https:\/\/fr-fr.facebook.com\/CsarPsm16\/\" \/>\n<meta property=\"article:modified_time\" content=\"2025-09-02T11:36:27+00:00\" \/>\n<meta name=\"twitter:card\" content=\"summary_large_image\" \/>\n<meta name=\"twitter:label1\" content=\"Dur\u00e9e de lecture estim\u00e9e\" \/>\n\t<meta name=\"twitter:data1\" content=\"1 minute\" \/>\n<script type=\"application\/ld+json\" class=\"yoast-schema-graph\">{\"@context\":\"https:\/\/schema.org\",\"@graph\":[{\"@type\":\"WebPage\",\"@id\":\"https:\/\/csarpsm.fr\/index.php\/238-2\/\",\"url\":\"https:\/\/csarpsm.fr\/index.php\/238-2\/\",\"name\":\"Encadrants - C.S.A.R. PSM\",\"isPartOf\":{\"@id\":\"https:\/\/csarpsm.fr\/#website\"},\"datePublished\":\"2019-06-17T20:08:20+00:00\",\"dateModified\":\"2025-09-02T11:36:27+00:00\",\"breadcrumb\":{\"@id\":\"https:\/\/csarpsm.fr\/index.php\/238-2\/#breadcrumb\"},\"inLanguage\":\"fr-FR\",\"potentialAction\":[{\"@type\":\"ReadAction\",\"target\":[\"https:\/\/csarpsm.fr\/index.php\/238-2\/\"]}]},{\"@type\":\"BreadcrumbList\",\"@id\":\"https:\/\/csarpsm.fr\/index.php\/238-2\/#breadcrumb\",\"itemListElement\":[{\"@type\":\"ListItem\",\"position\":1,\"name\":\"Accueil\",\"item\":\"https:\/\/csarpsm.fr\/\"},{\"@type\":\"ListItem\",\"position\":2,\"name\":\"Encadrants\"}]},{\"@type\":\"WebSite\",\"@id\":\"https:\/\/csarpsm.fr\/#website\",\"url\":\"https:\/\/csarpsm.fr\/\",\"name\":\"C.S.A.R. PSM\",\"description\":\"Club de Plong\u00e9e de Ruelle sur Touvre - N\u00b0affiliation FFESSM 02 16 00 85\",\"publisher\":{\"@id\":\"https:\/\/csarpsm.fr\/#organization\"},\"potentialAction\":[{\"@type\":\"SearchAction\",\"target\":{\"@type\":\"EntryPoint\",\"urlTemplate\":\"https:\/\/csarpsm.fr\/?s={search_term_string}\"},\"query-input\":{\"@type\":\"PropertyValueSpecification\",\"valueRequired\":true,\"valueName\":\"search_term_string\"}}],\"inLanguage\":\"fr-FR\"},{\"@type\":\"Organization\",\"@id\":\"https:\/\/csarpsm.fr\/#organization\",\"name\":\"C.S.A.R. PSM\",\"url\":\"https:\/\/csarpsm.fr\/\",\"logo\":{\"@type\":\"ImageObject\",\"inLanguage\":\"fr-FR\",\"@id\":\"https:\/\/csarpsm.fr\/#\/schema\/logo\/image\/\",\"url\":\"https:\/\/csarpsm.fr\/wp-content\/uploads\/2019\/03\/logo-e1559848607446.png\",\"contentUrl\":\"https:\/\/csarpsm.fr\/wp-content\/uploads\/2019\/03\/logo-e1559848607446.png\",\"width\":128,\"height\":180,\"caption\":\"C.S.A.R. PSM\"},\"image\":{\"@id\":\"https:\/\/csarpsm.fr\/#\/schema\/logo\/image\/\"},\"sameAs\":[\"https:\/\/fr-fr.facebook.com\/CsarPsm16\/\"]}]}<\/script>\n<!-- \/ Yoast SEO plugin. -->","yoast_head_json":{"title":"Encadrants - C.S.A.R. PSM","robots":{"index":"index","follow":"follow","max-snippet":"max-snippet:-1","max-image-preview":"max-image-preview:large","max-video-preview":"max-video-preview:-1"},"canonical":"https:\/\/csarpsm.fr\/index.php\/238-2\/","og_locale":"fr_FR","og_type":"article","og_title":"Encadrants - C.S.A.R. PSM","og_description":"Liste des encadrants 2025-2026","og_url":"https:\/\/csarpsm.fr\/index.php\/238-2\/","og_site_name":"C.S.A.R. PSM","article_publisher":"https:\/\/fr-fr.facebook.com\/CsarPsm16\/","article_modified_time":"2025-09-02T11:36:27+00:00","twitter_card":"summary_large_image","twitter_misc":{"Dur\u00e9e de lecture estim\u00e9e":"1 minute"},"schema":{"@context":"https:\/\/schema.org","@graph":[{"@type":"WebPage","@id":"https:\/\/csarpsm.fr\/index.php\/238-2\/","url":"https:\/\/csarpsm.fr\/index.php\/238-2\/","name":"Encadrants - C.S.A.R. PSM","isPartOf":{"@id":"https:\/\/csarpsm.fr\/#website"},"datePublished":"2019-06-17T20:08:20+00:00","dateModified":"2025-09-02T11:36:27+00:00","breadcrumb":{"@id":"https:\/\/csarpsm.fr\/index.php\/238-2\/#breadcrumb"},"inLanguage":"fr-FR","potentialAction":[{"@type":"ReadAction","target":["https:\/\/csarpsm.fr\/index.php\/238-2\/"]}]},{"@type":"BreadcrumbList","@id":"https:\/\/csarpsm.fr\/index.php\/238-2\/#breadcrumb","itemListElement":[{"@type":"ListItem","position":1,"name":"Accueil","item":"https:\/\/csarpsm.fr\/"},{"@type":"ListItem","position":2,"name":"Encadrants"}]},{"@type":"WebSite","@id":"https:\/\/csarpsm.fr\/#website","url":"https:\/\/csarpsm.fr\/","name":"C.S.A.R. PSM","description":"Club de Plong\u00e9e de Ruelle sur Touvre - N\u00b0affiliation FFESSM 02 16 00 85","publisher":{"@id":"https:\/\/csarpsm.fr\/#organization"},"potentialAction":[{"@type":"SearchAction","target":{"@type":"EntryPoint","urlTemplate":"https:\/\/csarpsm.fr\/?s={search_term_string}"},"query-input":{"@type":"PropertyValueSpecification","valueRequired":true,"valueName":"search_term_string"}}],"inLanguage":"fr-FR"},{"@type":"Organization","@id":"https:\/\/csarpsm.fr\/#organization","name":"C.S.A.R. PSM","url":"https:\/\/csarpsm.fr\/","logo":{"@type":"ImageObject","inLanguage":"fr-FR","@id":"https:\/\/csarpsm.fr\/#\/schema\/logo\/image\/","url":"https:\/\/csarpsm.fr\/wp-content\/uploads\/2019\/03\/logo-e1559848607446.png","contentUrl":"https:\/\/csarpsm.fr\/wp-content\/uploads\/2019\/03\/logo-e1559848607446.png","width":128,"height":180,"caption":"C.S.A.R. PSM"},"image":{"@id":"https:\/\/csarpsm.fr\/#\/schema\/logo\/image\/"},"sameAs":["https:\/\/fr-fr.facebook.com\/CsarPsm16\/"]}]}},"_links":{"self":[{"href":"https:\/\/csarpsm.fr\/index.php\/wp-json\/wp\/v2\/pages\/238","targetHints":{"allow":["GET"]}}],"collection":[{"href":"https:\/\/csarpsm.fr\/index.php\/wp-json\/wp\/v2\/pages"}],"about":[{"href":"https:\/\/csarpsm.fr\/index.php\/wp-json\/wp\/v2\/types\/page"}],"author":[{"embeddable":true,"href":"https:\/\/csarpsm.fr\/index.php\/wp-json\/wp\/v2\/users\/1"}],"replies":[{"embeddable":true,"href":"https:\/\/csarpsm.fr\/index.php\/wp-json\/wp\/v2\/comments?post=238"}],"version-history":[{"count":11,"href":"https:\/\/csarpsm.fr\/index.php\/wp-json\/wp\/v2\/pages\/238\/revisions"}],"predecessor-version":[{"id":4471,"href":"https:\/\/csarpsm.fr\/index.php\/wp-json\/wp\/v2\/pages\/238\/revisions\/4471"}],"wp:attachment":[{"href":"https:\/\/csarpsm.fr\/index.php\/wp-json\/wp\/v2\/media?parent=238"}],"curies":[{"name":"wp","href":"https:\/\/api.w.org\/{rel}","templated":true}]}}