{"id":281,"date":"2019-06-20T22:16:50","date_gmt":"2019-06-20T20:16:50","guid":{"rendered":"https:\/\/www.csarpsm.fr\/?page_id=281"},"modified":"2019-06-20T22:16:50","modified_gmt":"2019-06-20T20:16:50","slug":"commission-materiel","status":"publish","type":"page","link":"https:\/\/csarpsm.fr\/index.php\/commission-materiel\/","title":{"rendered":"Commission Mat\u00e9riel"},"content":{"rendered":"\n<table id=\"tablepress-4\" class=\"tablepress tablepress-id-4\">\n<tbody class=\"row-hover\">\n<tr class=\"row-1 odd\">\n\t<td class=\"column-1\">Except\u00e9e pour la Technique et l'Apn\u00e9e, seuls les membres du Comit\u00e9 Directeur composent les commissions du CSAR PSM !<\/td>\n<\/tr>\n<tr class=\"row-2 even\">\n\t<td class=\"column-1\"><img loading=\"lazy\" decoding=\"async\" src=\"https:\/\/www.csarpsm.fr\/wp-content\/uploads\/2019\/06\/Thierry_LHIGUINER.jpg\" alt=\"\" width=\"112\" height=\"141\" class=\"alignnone size-full wp-image-224\" \/><br \/>\n<strong>Thierry L'HIGUINER - Responsable Commission<\/strong><\/td>\n<\/tr>\n<tr class=\"row-3 odd\">\n\t<td class=\"column-1\"><img loading=\"lazy\" decoding=\"async\" src=\"https:\/\/csarpsm.fr\/wp-content\/uploads\/2019\/06\/Emmanuel_DARTEVELLE.jpg\" alt=\"\" width=\"105\" height=\"148\" class=\"alignnone size-full wp-image-216\" \/><br \/>\nEmmanuel DARTEVELLE<\/td>\n<\/tr>\n<tr class=\"row-4 even\">\n\t<td class=\"column-1\"><img loading=\"lazy\" decoding=\"async\" src=\"https:\/\/www.csarpsm.fr\/wp-content\/uploads\/2019\/06\/Didier_DINDINAUD.jpg\" alt=\"\" width=\"103\" height=\"139\" class=\"alignnone size-full wp-image-208\" \/><br \/>\nDidier DINDINAUD<\/td>\n<\/tr>\n<tr class=\"row-5 odd\">\n\t<td class=\"column-1\"><img loading=\"lazy\" decoding=\"async\" src=\"https:\/\/csarpsm.fr\/wp-content\/uploads\/2026\/02\/JL_DINDINAUD_4.jpg\" alt=\"\" width=\"103\" height=\"139\" class=\"alignnone size-full wp-image-208\" \/><br \/>\nJean-Louis DINDINAUD<\/td>\n<\/tr>\n<tr class=\"row-6 even\">\n\t<td class=\"column-1\"><img loading=\"lazy\" decoding=\"async\" src=\"https:\/\/www.csarpsm.fr\/wp-content\/uploads\/2019\/07\/Mickael_GUALBERT_2.jpg\" alt=\"\" width=\"96\" height=\"129\" class=\"alignnone size-full wp-image-505\" \/><br \/>\nMickael GUALBERT<\/td>\n<\/tr>\n<tr class=\"row-7 odd\">\n\t<td class=\"column-1\"><img loading=\"lazy\" decoding=\"async\" src=\"https:\/\/csarpsm.fr\/wp-content\/uploads\/2024\/08\/Yolande_HEBRE_4.jpg\" alt=\"\" width=\"108\" height=\"138\" class=\"alignnone size-full wp-image-227\" \/><br \/>\nYolande HEBRE<\/td>\n<\/tr>\n<tr class=\"row-8 even\">\n\t<td class=\"column-1\"><img loading=\"lazy\" decoding=\"async\" src=\"https:\/\/www.csarpsm.fr\/wp-content\/uploads\/2019\/06\/Pierre_VILLENEUVE.jpg\" alt=\"\" width=\"100\" height=\"130\" class=\"alignnone size-full wp-image-220\" \/><br \/>\nPierre VILLENEUVE<\/td>\n<\/tr>\n<\/tbody>\n<\/table>\n<!-- #tablepress-4 from cache -->\n","protected":false},"excerpt":{"rendered":"","protected":false},"author":1,"featured_media":0,"parent":0,"menu_order":0,"comment_status":"closed","ping_status":"closed","template":"","meta":{"_acf_changed":false,"ngg_post_thumbnail":0,"footnotes":""},"class_list":["post-281","page","type-page","status-publish","hentry"],"acf":[],"yoast_head":"<!-- This site is optimized with the Yoast SEO plugin v24.9 - https:\/\/yoast.com\/wordpress\/plugins\/seo\/ -->\n<title>Commission Mat\u00e9riel - C.S.A.R. PSM<\/title>\n<meta name=\"robots\" content=\"index, follow, max-snippet:-1, max-image-preview:large, max-video-preview:-1\" \/>\n<link rel=\"canonical\" href=\"https:\/\/csarpsm.fr\/index.php\/commission-materiel\/\" \/>\n<meta property=\"og:locale\" content=\"fr_FR\" \/>\n<meta property=\"og:type\" content=\"article\" \/>\n<meta property=\"og:title\" content=\"Commission Mat\u00e9riel - C.S.A.R. PSM\" \/>\n<meta property=\"og:url\" content=\"https:\/\/csarpsm.fr\/index.php\/commission-materiel\/\" \/>\n<meta property=\"og:site_name\" content=\"C.S.A.R. PSM\" \/>\n<meta property=\"article:publisher\" content=\"https:\/\/fr-fr.facebook.com\/CsarPsm16\/\" \/>\n<meta name=\"twitter:card\" content=\"summary_large_image\" \/>\n<script type=\"application\/ld+json\" class=\"yoast-schema-graph\">{\"@context\":\"https:\/\/schema.org\",\"@graph\":[{\"@type\":\"WebPage\",\"@id\":\"https:\/\/csarpsm.fr\/index.php\/commission-materiel\/\",\"url\":\"https:\/\/csarpsm.fr\/index.php\/commission-materiel\/\",\"name\":\"Commission Mat\u00e9riel - C.S.A.R. PSM\",\"isPartOf\":{\"@id\":\"https:\/\/csarpsm.fr\/#website\"},\"datePublished\":\"2019-06-20T20:16:50+00:00\",\"breadcrumb\":{\"@id\":\"https:\/\/csarpsm.fr\/index.php\/commission-materiel\/#breadcrumb\"},\"inLanguage\":\"fr-FR\",\"potentialAction\":[{\"@type\":\"ReadAction\",\"target\":[\"https:\/\/csarpsm.fr\/index.php\/commission-materiel\/\"]}]},{\"@type\":\"BreadcrumbList\",\"@id\":\"https:\/\/csarpsm.fr\/index.php\/commission-materiel\/#breadcrumb\",\"itemListElement\":[{\"@type\":\"ListItem\",\"position\":1,\"name\":\"Accueil\",\"item\":\"https:\/\/csarpsm.fr\/\"},{\"@type\":\"ListItem\",\"position\":2,\"name\":\"Commission Mat\u00e9riel\"}]},{\"@type\":\"WebSite\",\"@id\":\"https:\/\/csarpsm.fr\/#website\",\"url\":\"https:\/\/csarpsm.fr\/\",\"name\":\"C.S.A.R. PSM\",\"description\":\"Club de Plong\u00e9e de Ruelle sur Touvre - N\u00b0affiliation FFESSM 02 16 00 85\",\"publisher\":{\"@id\":\"https:\/\/csarpsm.fr\/#organization\"},\"potentialAction\":[{\"@type\":\"SearchAction\",\"target\":{\"@type\":\"EntryPoint\",\"urlTemplate\":\"https:\/\/csarpsm.fr\/?s={search_term_string}\"},\"query-input\":{\"@type\":\"PropertyValueSpecification\",\"valueRequired\":true,\"valueName\":\"search_term_string\"}}],\"inLanguage\":\"fr-FR\"},{\"@type\":\"Organization\",\"@id\":\"https:\/\/csarpsm.fr\/#organization\",\"name\":\"C.S.A.R. PSM\",\"url\":\"https:\/\/csarpsm.fr\/\",\"logo\":{\"@type\":\"ImageObject\",\"inLanguage\":\"fr-FR\",\"@id\":\"https:\/\/csarpsm.fr\/#\/schema\/logo\/image\/\",\"url\":\"https:\/\/csarpsm.fr\/wp-content\/uploads\/2019\/03\/logo-e1559848607446.png\",\"contentUrl\":\"https:\/\/csarpsm.fr\/wp-content\/uploads\/2019\/03\/logo-e1559848607446.png\",\"width\":128,\"height\":180,\"caption\":\"C.S.A.R. PSM\"},\"image\":{\"@id\":\"https:\/\/csarpsm.fr\/#\/schema\/logo\/image\/\"},\"sameAs\":[\"https:\/\/fr-fr.facebook.com\/CsarPsm16\/\"]}]}<\/script>\n<!-- \/ Yoast SEO plugin. -->","yoast_head_json":{"title":"Commission Mat\u00e9riel - C.S.A.R. PSM","robots":{"index":"index","follow":"follow","max-snippet":"max-snippet:-1","max-image-preview":"max-image-preview:large","max-video-preview":"max-video-preview:-1"},"canonical":"https:\/\/csarpsm.fr\/index.php\/commission-materiel\/","og_locale":"fr_FR","og_type":"article","og_title":"Commission Mat\u00e9riel - C.S.A.R. PSM","og_url":"https:\/\/csarpsm.fr\/index.php\/commission-materiel\/","og_site_name":"C.S.A.R. PSM","article_publisher":"https:\/\/fr-fr.facebook.com\/CsarPsm16\/","twitter_card":"summary_large_image","schema":{"@context":"https:\/\/schema.org","@graph":[{"@type":"WebPage","@id":"https:\/\/csarpsm.fr\/index.php\/commission-materiel\/","url":"https:\/\/csarpsm.fr\/index.php\/commission-materiel\/","name":"Commission Mat\u00e9riel - C.S.A.R. PSM","isPartOf":{"@id":"https:\/\/csarpsm.fr\/#website"},"datePublished":"2019-06-20T20:16:50+00:00","breadcrumb":{"@id":"https:\/\/csarpsm.fr\/index.php\/commission-materiel\/#breadcrumb"},"inLanguage":"fr-FR","potentialAction":[{"@type":"ReadAction","target":["https:\/\/csarpsm.fr\/index.php\/commission-materiel\/"]}]},{"@type":"BreadcrumbList","@id":"https:\/\/csarpsm.fr\/index.php\/commission-materiel\/#breadcrumb","itemListElement":[{"@type":"ListItem","position":1,"name":"Accueil","item":"https:\/\/csarpsm.fr\/"},{"@type":"ListItem","position":2,"name":"Commission Mat\u00e9riel"}]},{"@type":"WebSite","@id":"https:\/\/csarpsm.fr\/#website","url":"https:\/\/csarpsm.fr\/","name":"C.S.A.R. PSM","description":"Club de Plong\u00e9e de Ruelle sur Touvre - N\u00b0affiliation FFESSM 02 16 00 85","publisher":{"@id":"https:\/\/csarpsm.fr\/#organization"},"potentialAction":[{"@type":"SearchAction","target":{"@type":"EntryPoint","urlTemplate":"https:\/\/csarpsm.fr\/?s={search_term_string}"},"query-input":{"@type":"PropertyValueSpecification","valueRequired":true,"valueName":"search_term_string"}}],"inLanguage":"fr-FR"},{"@type":"Organization","@id":"https:\/\/csarpsm.fr\/#organization","name":"C.S.A.R. PSM","url":"https:\/\/csarpsm.fr\/","logo":{"@type":"ImageObject","inLanguage":"fr-FR","@id":"https:\/\/csarpsm.fr\/#\/schema\/logo\/image\/","url":"https:\/\/csarpsm.fr\/wp-content\/uploads\/2019\/03\/logo-e1559848607446.png","contentUrl":"https:\/\/csarpsm.fr\/wp-content\/uploads\/2019\/03\/logo-e1559848607446.png","width":128,"height":180,"caption":"C.S.A.R. PSM"},"image":{"@id":"https:\/\/csarpsm.fr\/#\/schema\/logo\/image\/"},"sameAs":["https:\/\/fr-fr.facebook.com\/CsarPsm16\/"]}]}},"_links":{"self":[{"href":"https:\/\/csarpsm.fr\/index.php\/wp-json\/wp\/v2\/pages\/281","targetHints":{"allow":["GET"]}}],"collection":[{"href":"https:\/\/csarpsm.fr\/index.php\/wp-json\/wp\/v2\/pages"}],"about":[{"href":"https:\/\/csarpsm.fr\/index.php\/wp-json\/wp\/v2\/types\/page"}],"author":[{"embeddable":true,"href":"https:\/\/csarpsm.fr\/index.php\/wp-json\/wp\/v2\/users\/1"}],"replies":[{"embeddable":true,"href":"https:\/\/csarpsm.fr\/index.php\/wp-json\/wp\/v2\/comments?post=281"}],"version-history":[{"count":1,"href":"https:\/\/csarpsm.fr\/index.php\/wp-json\/wp\/v2\/pages\/281\/revisions"}],"predecessor-version":[{"id":283,"href":"https:\/\/csarpsm.fr\/index.php\/wp-json\/wp\/v2\/pages\/281\/revisions\/283"}],"wp:attachment":[{"href":"https:\/\/csarpsm.fr\/index.php\/wp-json\/wp\/v2\/media?parent=281"}],"curies":[{"name":"wp","href":"https:\/\/api.w.org\/{rel}","templated":true}]}}