{"id":334,"date":"2019-07-02T21:44:44","date_gmt":"2019-07-02T19:44:44","guid":{"rendered":"https:\/\/www.csarpsm.fr\/?page_id=334"},"modified":"2025-03-14T17:11:32","modified_gmt":"2025-03-14T16:11:32","slug":"infos","status":"publish","type":"page","link":"https:\/\/csarpsm.fr\/index.php\/infos\/","title":{"rendered":"Infos"},"content":{"rendered":"<h1><strong>COMITE DIRECTEUR<\/strong><\/h1>\n<p><span style=\"color: #000080;\">Pr\u00e9sident<\/span> : <strong>Christophe PETIT<\/strong><br \/>\n06.80.00.19.77<br \/>\ntof.petit@laposte.net<\/p>\n<p><span style=\"color: #000080;\">Secr\u00e9taire<\/span> : <strong>Laurent BORDRON<\/strong><br \/>\n06.49.62.65.49<br \/>\nsecretaire@csarpsm.fr<\/p>\n<p><span style=\"color: #000080;\">Tr\u00e9sorier<\/span> : <strong>Am\u00e9lia MARILLAUD<\/strong><br \/>\n06.37.86.76.19<br \/>\na.marillaud@csarpsm.fr<\/p>\n<h1><strong>PISCINE<\/strong><\/h1>\n<p><span style=\"font-size: 12pt;\">Les horaires des cr\u00e9neaux piscine Nautilis (de septembre \u00e0 juin)<\/span><\/p>\n<ul>\n<li style=\"list-style-type: none;\">\n<ul>\n<li><span style=\"font-size: 12pt;\">Mardi &#8211; 20h30 &#8211; 22h15 (RDV \u00e0 partir de 20h15)<\/span><\/li>\n<li><span style=\"font-size: 12pt;\">Vendredi &#8211; 20h30 &#8211; 22h30 (RDV \u00e0 partir de 20h15)<\/span><\/li>\n<li>Vacances scolaires &#8211; Mercredi &#8211; 19h15 -21h15 (RDV \u00e0 partir de 19h00)<\/li>\n<\/ul>\n<\/li>\n<\/ul>\n<p>&nbsp;<\/p>\n<p><iframe loading=\"lazy\" style=\"border: 0px currentColor;\" src=\"https:\/\/www.google.com\/maps\/embed?pb=!1m18!1m12!1m3!1d5415.998681749998!2d0.14771930994803814!3d45.683952527211815!2m3!1f0!2f0!3f0!3m2!1i1024!2i768!4f13.1!3m3!1m2!1s0x0%3A0xaea712abb0a857bc!2sNautilis!5e0!3m2!1sfr!2sfr!4v1562180641813!5m2!1sfr!2sfr\" width=\"600\" height=\"450\" frameborder=\"0\" allowfullscreen=\"allowfullscreen\"><\/iframe><\/p>\n<p>&nbsp;<\/p>\n<p><span style=\"font-size: 12pt;\">Les horaires des cr\u00e9neaux piscine La Rochefoucauld (juillet et ao\u00fbt)<\/span><\/p>\n<ul>\n<li style=\"list-style-type: none;\">\n<ul>\n<li><span style=\"font-size: 12pt;\">Mercredi- 20h &#8211; 22h (RDV \u00e0 19h30 au local ou directement \u00e0 la piscine)<\/span><\/li>\n<\/ul>\n<\/li>\n<\/ul>\n<p>&nbsp;<\/p>\n<p><iframe loading=\"lazy\" style=\"border: 0px currentColor;\" src=\"https:\/\/www.google.com\/maps\/embed?pb=!1m18!1m12!1m3!1d716.2538059947814!2d0.383394398780223!3d45.743710882206436!2m3!1f0!2f0!3f0!3m2!1i1024!2i768!4f13.1!3m3!1m2!1s0x47fe48ad17c1883d%3A0x61895569eb679d18!2sPiscine+Communale!5e0!3m2!1sfr!2sfr!4v1562181090940!5m2!1sfr!2sfr\" width=\"600\" height=\"450\" frameborder=\"0\" allowfullscreen=\"allowfullscreen\"><\/iframe><\/p>\n<h1><strong>LOCAL CSAR PSM<\/strong><\/h1>\n<p>Le local du club se situe au 468<span class=\"section-info-text\"><span class=\"widget-pane-link\"> Rue du Pont Neuf, 16600 Ruelle-sur-Touvre<\/span><\/span><\/p>\n<p><iframe loading=\"lazy\" style=\"border: 0px currentColor;\" src=\"https:\/\/www.google.com\/maps\/embed?pb=!1m18!1m12!1m3!1d17198.012332040173!2d0.2050281903018594!3d45.67325243512038!2m3!1f0!2f0!3f0!3m2!1i1024!2i768!4f13.1!3m3!1m2!1s0x0%3A0xd70cbb98dff4d5d0!2sCSAR+Plong%C3%A9e+Sous+Marine!5e0!3m2!1sfr!2sfr!4v1562176792916!5m2!1sfr!2sfr\" width=\"600\" height=\"450\" frameborder=\"0\" allowfullscreen=\"allowfullscreen\"><\/iframe><\/p>\n","protected":false},"excerpt":{"rendered":"<p>COMITE DIRECTEUR Pr\u00e9sident : Christophe PETIT 06.80.00.19.77 tof.petit@laposte.net Secr\u00e9taire : Laurent BORDRON 06.49.62.65.49 secretaire@csarpsm.fr Tr\u00e9sorier : Am\u00e9lia MARILLAUD 06.37.86.76.19 a.marillaud@csarpsm.fr PISCINE Les horaires des cr\u00e9neaux piscine Nautilis (de septembre \u00e0 &hellip; <\/p>\n<p class=\"link-more\"><a href=\"https:\/\/csarpsm.fr\/index.php\/infos\/\" class=\"more-link\">Continuer la lecture<span class=\"screen-reader-text\"> de &laquo;&nbsp;Infos&nbsp;&raquo;<\/span><\/a><\/p>\n","protected":false},"author":1,"featured_media":0,"parent":0,"menu_order":0,"comment_status":"closed","ping_status":"closed","template":"","meta":{"_acf_changed":false,"ngg_post_thumbnail":0,"footnotes":""},"class_list":["post-334","page","type-page","status-publish","hentry"],"acf":[],"yoast_head":"<!-- This site is optimized with the Yoast SEO plugin v24.9 - https:\/\/yoast.com\/wordpress\/plugins\/seo\/ -->\n<title>Infos - C.S.A.R. PSM<\/title>\n<meta name=\"robots\" content=\"index, follow, max-snippet:-1, max-image-preview:large, max-video-preview:-1\" \/>\n<link rel=\"canonical\" href=\"https:\/\/csarpsm.fr\/index.php\/infos\/\" \/>\n<meta property=\"og:locale\" content=\"fr_FR\" \/>\n<meta property=\"og:type\" content=\"article\" \/>\n<meta property=\"og:title\" content=\"Infos - C.S.A.R. PSM\" \/>\n<meta property=\"og:description\" content=\"COMITE DIRECTEUR Pr\u00e9sident : Christophe PETIT 06.80.00.19.77 tof.petit@laposte.net Secr\u00e9taire : Laurent BORDRON 06.49.62.65.49 secretaire@csarpsm.fr Tr\u00e9sorier : Am\u00e9lia MARILLAUD 06.37.86.76.19 a.marillaud@csarpsm.fr PISCINE Les horaires des cr\u00e9neaux piscine Nautilis (de septembre \u00e0 &hellip; Continuer la lecture de &laquo;&nbsp;Infos&nbsp;&raquo;\" \/>\n<meta property=\"og:url\" content=\"https:\/\/csarpsm.fr\/index.php\/infos\/\" \/>\n<meta property=\"og:site_name\" content=\"C.S.A.R. PSM\" \/>\n<meta property=\"article:publisher\" content=\"https:\/\/fr-fr.facebook.com\/CsarPsm16\/\" \/>\n<meta property=\"article:modified_time\" content=\"2025-03-14T16:11:32+00:00\" \/>\n<meta name=\"twitter:card\" content=\"summary_large_image\" \/>\n<meta name=\"twitter:label1\" content=\"Dur\u00e9e de lecture estim\u00e9e\" \/>\n\t<meta name=\"twitter:data1\" content=\"1 minute\" \/>\n<script type=\"application\/ld+json\" class=\"yoast-schema-graph\">{\"@context\":\"https:\/\/schema.org\",\"@graph\":[{\"@type\":\"WebPage\",\"@id\":\"https:\/\/csarpsm.fr\/index.php\/infos\/\",\"url\":\"https:\/\/csarpsm.fr\/index.php\/infos\/\",\"name\":\"Infos - C.S.A.R. PSM\",\"isPartOf\":{\"@id\":\"https:\/\/csarpsm.fr\/#website\"},\"datePublished\":\"2019-07-02T19:44:44+00:00\",\"dateModified\":\"2025-03-14T16:11:32+00:00\",\"breadcrumb\":{\"@id\":\"https:\/\/csarpsm.fr\/index.php\/infos\/#breadcrumb\"},\"inLanguage\":\"fr-FR\",\"potentialAction\":[{\"@type\":\"ReadAction\",\"target\":[\"https:\/\/csarpsm.fr\/index.php\/infos\/\"]}]},{\"@type\":\"BreadcrumbList\",\"@id\":\"https:\/\/csarpsm.fr\/index.php\/infos\/#breadcrumb\",\"itemListElement\":[{\"@type\":\"ListItem\",\"position\":1,\"name\":\"Accueil\",\"item\":\"https:\/\/csarpsm.fr\/\"},{\"@type\":\"ListItem\",\"position\":2,\"name\":\"Infos\"}]},{\"@type\":\"WebSite\",\"@id\":\"https:\/\/csarpsm.fr\/#website\",\"url\":\"https:\/\/csarpsm.fr\/\",\"name\":\"C.S.A.R. PSM\",\"description\":\"Club de Plong\u00e9e de Ruelle sur Touvre - N\u00b0affiliation FFESSM 02 16 00 85\",\"publisher\":{\"@id\":\"https:\/\/csarpsm.fr\/#organization\"},\"potentialAction\":[{\"@type\":\"SearchAction\",\"target\":{\"@type\":\"EntryPoint\",\"urlTemplate\":\"https:\/\/csarpsm.fr\/?s={search_term_string}\"},\"query-input\":{\"@type\":\"PropertyValueSpecification\",\"valueRequired\":true,\"valueName\":\"search_term_string\"}}],\"inLanguage\":\"fr-FR\"},{\"@type\":\"Organization\",\"@id\":\"https:\/\/csarpsm.fr\/#organization\",\"name\":\"C.S.A.R. PSM\",\"url\":\"https:\/\/csarpsm.fr\/\",\"logo\":{\"@type\":\"ImageObject\",\"inLanguage\":\"fr-FR\",\"@id\":\"https:\/\/csarpsm.fr\/#\/schema\/logo\/image\/\",\"url\":\"https:\/\/csarpsm.fr\/wp-content\/uploads\/2019\/03\/logo-e1559848607446.png\",\"contentUrl\":\"https:\/\/csarpsm.fr\/wp-content\/uploads\/2019\/03\/logo-e1559848607446.png\",\"width\":128,\"height\":180,\"caption\":\"C.S.A.R. PSM\"},\"image\":{\"@id\":\"https:\/\/csarpsm.fr\/#\/schema\/logo\/image\/\"},\"sameAs\":[\"https:\/\/fr-fr.facebook.com\/CsarPsm16\/\"]}]}<\/script>\n<!-- \/ Yoast SEO plugin. -->","yoast_head_json":{"title":"Infos - C.S.A.R. PSM","robots":{"index":"index","follow":"follow","max-snippet":"max-snippet:-1","max-image-preview":"max-image-preview:large","max-video-preview":"max-video-preview:-1"},"canonical":"https:\/\/csarpsm.fr\/index.php\/infos\/","og_locale":"fr_FR","og_type":"article","og_title":"Infos - C.S.A.R. PSM","og_description":"COMITE DIRECTEUR Pr\u00e9sident : Christophe PETIT 06.80.00.19.77 tof.petit@laposte.net Secr\u00e9taire : Laurent BORDRON 06.49.62.65.49 secretaire@csarpsm.fr Tr\u00e9sorier : Am\u00e9lia MARILLAUD 06.37.86.76.19 a.marillaud@csarpsm.fr PISCINE Les horaires des cr\u00e9neaux piscine Nautilis (de septembre \u00e0 &hellip; Continuer la lecture de &laquo;&nbsp;Infos&nbsp;&raquo;","og_url":"https:\/\/csarpsm.fr\/index.php\/infos\/","og_site_name":"C.S.A.R. PSM","article_publisher":"https:\/\/fr-fr.facebook.com\/CsarPsm16\/","article_modified_time":"2025-03-14T16:11:32+00:00","twitter_card":"summary_large_image","twitter_misc":{"Dur\u00e9e de lecture estim\u00e9e":"1 minute"},"schema":{"@context":"https:\/\/schema.org","@graph":[{"@type":"WebPage","@id":"https:\/\/csarpsm.fr\/index.php\/infos\/","url":"https:\/\/csarpsm.fr\/index.php\/infos\/","name":"Infos - C.S.A.R. PSM","isPartOf":{"@id":"https:\/\/csarpsm.fr\/#website"},"datePublished":"2019-07-02T19:44:44+00:00","dateModified":"2025-03-14T16:11:32+00:00","breadcrumb":{"@id":"https:\/\/csarpsm.fr\/index.php\/infos\/#breadcrumb"},"inLanguage":"fr-FR","potentialAction":[{"@type":"ReadAction","target":["https:\/\/csarpsm.fr\/index.php\/infos\/"]}]},{"@type":"BreadcrumbList","@id":"https:\/\/csarpsm.fr\/index.php\/infos\/#breadcrumb","itemListElement":[{"@type":"ListItem","position":1,"name":"Accueil","item":"https:\/\/csarpsm.fr\/"},{"@type":"ListItem","position":2,"name":"Infos"}]},{"@type":"WebSite","@id":"https:\/\/csarpsm.fr\/#website","url":"https:\/\/csarpsm.fr\/","name":"C.S.A.R. PSM","description":"Club de Plong\u00e9e de Ruelle sur Touvre - N\u00b0affiliation FFESSM 02 16 00 85","publisher":{"@id":"https:\/\/csarpsm.fr\/#organization"},"potentialAction":[{"@type":"SearchAction","target":{"@type":"EntryPoint","urlTemplate":"https:\/\/csarpsm.fr\/?s={search_term_string}"},"query-input":{"@type":"PropertyValueSpecification","valueRequired":true,"valueName":"search_term_string"}}],"inLanguage":"fr-FR"},{"@type":"Organization","@id":"https:\/\/csarpsm.fr\/#organization","name":"C.S.A.R. PSM","url":"https:\/\/csarpsm.fr\/","logo":{"@type":"ImageObject","inLanguage":"fr-FR","@id":"https:\/\/csarpsm.fr\/#\/schema\/logo\/image\/","url":"https:\/\/csarpsm.fr\/wp-content\/uploads\/2019\/03\/logo-e1559848607446.png","contentUrl":"https:\/\/csarpsm.fr\/wp-content\/uploads\/2019\/03\/logo-e1559848607446.png","width":128,"height":180,"caption":"C.S.A.R. PSM"},"image":{"@id":"https:\/\/csarpsm.fr\/#\/schema\/logo\/image\/"},"sameAs":["https:\/\/fr-fr.facebook.com\/CsarPsm16\/"]}]}},"_links":{"self":[{"href":"https:\/\/csarpsm.fr\/index.php\/wp-json\/wp\/v2\/pages\/334","targetHints":{"allow":["GET"]}}],"collection":[{"href":"https:\/\/csarpsm.fr\/index.php\/wp-json\/wp\/v2\/pages"}],"about":[{"href":"https:\/\/csarpsm.fr\/index.php\/wp-json\/wp\/v2\/types\/page"}],"author":[{"embeddable":true,"href":"https:\/\/csarpsm.fr\/index.php\/wp-json\/wp\/v2\/users\/1"}],"replies":[{"embeddable":true,"href":"https:\/\/csarpsm.fr\/index.php\/wp-json\/wp\/v2\/comments?post=334"}],"version-history":[{"count":31,"href":"https:\/\/csarpsm.fr\/index.php\/wp-json\/wp\/v2\/pages\/334\/revisions"}],"predecessor-version":[{"id":4335,"href":"https:\/\/csarpsm.fr\/index.php\/wp-json\/wp\/v2\/pages\/334\/revisions\/4335"}],"wp:attachment":[{"href":"https:\/\/csarpsm.fr\/index.php\/wp-json\/wp\/v2\/media?parent=334"}],"curies":[{"name":"wp","href":"https:\/\/api.w.org\/{rel}","templated":true}]}}