{"id":344,"date":"2019-07-02T21:52:51","date_gmt":"2019-07-02T19:52:51","guid":{"rendered":"https:\/\/www.csarpsm.fr\/?page_id=344"},"modified":"2023-12-06T16:52:11","modified_gmt":"2023-12-06T15:52:11","slug":"reglement-interieur","status":"publish","type":"page","link":"https:\/\/csarpsm.fr\/index.php\/reglement-interieur\/","title":{"rendered":"R\u00e8glement Int\u00e9rieur"},"content":{"rendered":"<p><a href=\"https:\/\/csarpsm.fr\/wp-content\/uploads\/2023\/02\/20200205-CSAR-PSM-Reglement-Interieur-valide-par-AGO-.pdf\">20200205 CSAR PSM R\u00e9glement Int\u00e9rieur ( valid\u00e9 par AGO )<\/a><\/p>\n<p><span style=\"font-size: 12pt;\">Le nouveau r\u00e8glement int\u00e9rieur sera affich\u00e9 au local du club.<\/span><\/p>\n","protected":false},"excerpt":{"rendered":"<p>20200205 CSAR PSM R\u00e9glement Int\u00e9rieur ( valid\u00e9 par AGO ) Le nouveau r\u00e8glement int\u00e9rieur sera affich\u00e9 au local du club.<\/p>\n","protected":false},"author":1,"featured_media":0,"parent":0,"menu_order":0,"comment_status":"closed","ping_status":"closed","template":"","meta":{"_acf_changed":false,"ngg_post_thumbnail":0,"footnotes":""},"class_list":["post-344","page","type-page","status-publish","hentry"],"acf":[],"yoast_head":"<!-- This site is optimized with the Yoast SEO plugin v24.9 - https:\/\/yoast.com\/wordpress\/plugins\/seo\/ -->\n<title>R\u00e8glement Int\u00e9rieur - C.S.A.R. PSM<\/title>\n<meta name=\"robots\" content=\"index, follow, max-snippet:-1, max-image-preview:large, max-video-preview:-1\" \/>\n<link rel=\"canonical\" href=\"https:\/\/csarpsm.fr\/index.php\/reglement-interieur\/\" \/>\n<meta property=\"og:locale\" content=\"fr_FR\" \/>\n<meta property=\"og:type\" content=\"article\" \/>\n<meta property=\"og:title\" content=\"R\u00e8glement Int\u00e9rieur - C.S.A.R. PSM\" \/>\n<meta property=\"og:description\" content=\"20200205 CSAR PSM R\u00e9glement Int\u00e9rieur ( valid\u00e9 par AGO ) Le nouveau r\u00e8glement int\u00e9rieur sera affich\u00e9 au local du club.\" \/>\n<meta property=\"og:url\" content=\"https:\/\/csarpsm.fr\/index.php\/reglement-interieur\/\" \/>\n<meta property=\"og:site_name\" content=\"C.S.A.R. PSM\" \/>\n<meta property=\"article:publisher\" content=\"https:\/\/fr-fr.facebook.com\/CsarPsm16\/\" \/>\n<meta property=\"article:modified_time\" content=\"2023-12-06T15:52:11+00:00\" \/>\n<meta name=\"twitter:card\" content=\"summary_large_image\" \/>\n<meta name=\"twitter:label1\" content=\"Dur\u00e9e de lecture estim\u00e9e\" \/>\n\t<meta name=\"twitter:data1\" content=\"1 minute\" \/>\n<script type=\"application\/ld+json\" class=\"yoast-schema-graph\">{\"@context\":\"https:\/\/schema.org\",\"@graph\":[{\"@type\":\"WebPage\",\"@id\":\"https:\/\/csarpsm.fr\/index.php\/reglement-interieur\/\",\"url\":\"https:\/\/csarpsm.fr\/index.php\/reglement-interieur\/\",\"name\":\"R\u00e8glement Int\u00e9rieur - C.S.A.R. PSM\",\"isPartOf\":{\"@id\":\"https:\/\/csarpsm.fr\/#website\"},\"datePublished\":\"2019-07-02T19:52:51+00:00\",\"dateModified\":\"2023-12-06T15:52:11+00:00\",\"breadcrumb\":{\"@id\":\"https:\/\/csarpsm.fr\/index.php\/reglement-interieur\/#breadcrumb\"},\"inLanguage\":\"fr-FR\",\"potentialAction\":[{\"@type\":\"ReadAction\",\"target\":[\"https:\/\/csarpsm.fr\/index.php\/reglement-interieur\/\"]}]},{\"@type\":\"BreadcrumbList\",\"@id\":\"https:\/\/csarpsm.fr\/index.php\/reglement-interieur\/#breadcrumb\",\"itemListElement\":[{\"@type\":\"ListItem\",\"position\":1,\"name\":\"Accueil\",\"item\":\"https:\/\/csarpsm.fr\/\"},{\"@type\":\"ListItem\",\"position\":2,\"name\":\"R\u00e8glement Int\u00e9rieur\"}]},{\"@type\":\"WebSite\",\"@id\":\"https:\/\/csarpsm.fr\/#website\",\"url\":\"https:\/\/csarpsm.fr\/\",\"name\":\"C.S.A.R. PSM\",\"description\":\"Club de Plong\u00e9e de Ruelle sur Touvre - N\u00b0affiliation FFESSM 02 16 00 85\",\"publisher\":{\"@id\":\"https:\/\/csarpsm.fr\/#organization\"},\"potentialAction\":[{\"@type\":\"SearchAction\",\"target\":{\"@type\":\"EntryPoint\",\"urlTemplate\":\"https:\/\/csarpsm.fr\/?s={search_term_string}\"},\"query-input\":{\"@type\":\"PropertyValueSpecification\",\"valueRequired\":true,\"valueName\":\"search_term_string\"}}],\"inLanguage\":\"fr-FR\"},{\"@type\":\"Organization\",\"@id\":\"https:\/\/csarpsm.fr\/#organization\",\"name\":\"C.S.A.R. PSM\",\"url\":\"https:\/\/csarpsm.fr\/\",\"logo\":{\"@type\":\"ImageObject\",\"inLanguage\":\"fr-FR\",\"@id\":\"https:\/\/csarpsm.fr\/#\/schema\/logo\/image\/\",\"url\":\"https:\/\/csarpsm.fr\/wp-content\/uploads\/2019\/03\/logo-e1559848607446.png\",\"contentUrl\":\"https:\/\/csarpsm.fr\/wp-content\/uploads\/2019\/03\/logo-e1559848607446.png\",\"width\":128,\"height\":180,\"caption\":\"C.S.A.R. PSM\"},\"image\":{\"@id\":\"https:\/\/csarpsm.fr\/#\/schema\/logo\/image\/\"},\"sameAs\":[\"https:\/\/fr-fr.facebook.com\/CsarPsm16\/\"]}]}<\/script>\n<!-- \/ Yoast SEO plugin. -->","yoast_head_json":{"title":"R\u00e8glement Int\u00e9rieur - C.S.A.R. PSM","robots":{"index":"index","follow":"follow","max-snippet":"max-snippet:-1","max-image-preview":"max-image-preview:large","max-video-preview":"max-video-preview:-1"},"canonical":"https:\/\/csarpsm.fr\/index.php\/reglement-interieur\/","og_locale":"fr_FR","og_type":"article","og_title":"R\u00e8glement Int\u00e9rieur - C.S.A.R. PSM","og_description":"20200205 CSAR PSM R\u00e9glement Int\u00e9rieur ( valid\u00e9 par AGO ) Le nouveau r\u00e8glement int\u00e9rieur sera affich\u00e9 au local du club.","og_url":"https:\/\/csarpsm.fr\/index.php\/reglement-interieur\/","og_site_name":"C.S.A.R. PSM","article_publisher":"https:\/\/fr-fr.facebook.com\/CsarPsm16\/","article_modified_time":"2023-12-06T15:52:11+00:00","twitter_card":"summary_large_image","twitter_misc":{"Dur\u00e9e de lecture estim\u00e9e":"1 minute"},"schema":{"@context":"https:\/\/schema.org","@graph":[{"@type":"WebPage","@id":"https:\/\/csarpsm.fr\/index.php\/reglement-interieur\/","url":"https:\/\/csarpsm.fr\/index.php\/reglement-interieur\/","name":"R\u00e8glement Int\u00e9rieur - C.S.A.R. PSM","isPartOf":{"@id":"https:\/\/csarpsm.fr\/#website"},"datePublished":"2019-07-02T19:52:51+00:00","dateModified":"2023-12-06T15:52:11+00:00","breadcrumb":{"@id":"https:\/\/csarpsm.fr\/index.php\/reglement-interieur\/#breadcrumb"},"inLanguage":"fr-FR","potentialAction":[{"@type":"ReadAction","target":["https:\/\/csarpsm.fr\/index.php\/reglement-interieur\/"]}]},{"@type":"BreadcrumbList","@id":"https:\/\/csarpsm.fr\/index.php\/reglement-interieur\/#breadcrumb","itemListElement":[{"@type":"ListItem","position":1,"name":"Accueil","item":"https:\/\/csarpsm.fr\/"},{"@type":"ListItem","position":2,"name":"R\u00e8glement Int\u00e9rieur"}]},{"@type":"WebSite","@id":"https:\/\/csarpsm.fr\/#website","url":"https:\/\/csarpsm.fr\/","name":"C.S.A.R. PSM","description":"Club de Plong\u00e9e de Ruelle sur Touvre - N\u00b0affiliation FFESSM 02 16 00 85","publisher":{"@id":"https:\/\/csarpsm.fr\/#organization"},"potentialAction":[{"@type":"SearchAction","target":{"@type":"EntryPoint","urlTemplate":"https:\/\/csarpsm.fr\/?s={search_term_string}"},"query-input":{"@type":"PropertyValueSpecification","valueRequired":true,"valueName":"search_term_string"}}],"inLanguage":"fr-FR"},{"@type":"Organization","@id":"https:\/\/csarpsm.fr\/#organization","name":"C.S.A.R. PSM","url":"https:\/\/csarpsm.fr\/","logo":{"@type":"ImageObject","inLanguage":"fr-FR","@id":"https:\/\/csarpsm.fr\/#\/schema\/logo\/image\/","url":"https:\/\/csarpsm.fr\/wp-content\/uploads\/2019\/03\/logo-e1559848607446.png","contentUrl":"https:\/\/csarpsm.fr\/wp-content\/uploads\/2019\/03\/logo-e1559848607446.png","width":128,"height":180,"caption":"C.S.A.R. PSM"},"image":{"@id":"https:\/\/csarpsm.fr\/#\/schema\/logo\/image\/"},"sameAs":["https:\/\/fr-fr.facebook.com\/CsarPsm16\/"]}]}},"_links":{"self":[{"href":"https:\/\/csarpsm.fr\/index.php\/wp-json\/wp\/v2\/pages\/344","targetHints":{"allow":["GET"]}}],"collection":[{"href":"https:\/\/csarpsm.fr\/index.php\/wp-json\/wp\/v2\/pages"}],"about":[{"href":"https:\/\/csarpsm.fr\/index.php\/wp-json\/wp\/v2\/types\/page"}],"author":[{"embeddable":true,"href":"https:\/\/csarpsm.fr\/index.php\/wp-json\/wp\/v2\/users\/1"}],"replies":[{"embeddable":true,"href":"https:\/\/csarpsm.fr\/index.php\/wp-json\/wp\/v2\/comments?post=344"}],"version-history":[{"count":5,"href":"https:\/\/csarpsm.fr\/index.php\/wp-json\/wp\/v2\/pages\/344\/revisions"}],"predecessor-version":[{"id":3824,"href":"https:\/\/csarpsm.fr\/index.php\/wp-json\/wp\/v2\/pages\/344\/revisions\/3824"}],"wp:attachment":[{"href":"https:\/\/csarpsm.fr\/index.php\/wp-json\/wp\/v2\/media?parent=344"}],"curies":[{"name":"wp","href":"https:\/\/api.w.org\/{rel}","templated":true}]}}