{"id":4336,"date":"2025-03-14T17:19:11","date_gmt":"2025-03-14T16:19:11","guid":{"rendered":"https:\/\/csarpsm.fr\/?page_id=4336"},"modified":"2026-02-27T11:58:25","modified_gmt":"2026-02-27T10:58:25","slug":"piscine-nautilis","status":"publish","type":"page","link":"https:\/\/csarpsm.fr\/index.php\/piscine-nautilis\/","title":{"rendered":"Piscine Nautilis"},"content":{"rendered":"<p><span style=\"font-size: 14pt;\"><strong>Vous trouverez ci-dessous les documents r\u00e9glementaire et de s\u00e9curit\u00e9 relatifs \u00e0 Nautilis.<\/strong><\/span><\/p>\n<p style=\"text-align: center;\"><span class=\"collapseomatic \" id=\"id69e6422d5783f\"  tabindex=\"0\" title=\"Convention Nautilis\"    >Convention Nautilis<\/span>\n<p style=\"text-align: center;\"><div class='w3eden'><!-- WPDM Link Template: Default Template -->\n\n<div class=\"link-template-default card mb-2\">\n    <div class=\"card-body\">\n        <div class=\"media\">\n            <div class=\"mr-3 img-48\"><img decoding=\"async\" class=\"wpdm_icon\" alt=\"Ic\u00f4ne\" src=\"https:\/\/csarpsm.fr\/wp-content\/plugins\/download-manager\/assets\/file-type-icons\/pdf.svg\" \/><\/div>\n            <div class=\"media-body\">\n                <h3 class=\"package-title\"><a href='https:\/\/csarpsm.fr\/index.php\/download\/convention-csar-psm-nautilis-2022-2025\/'>Convention CSAR PSM & Nautilis 2025 - 2026<\/a><\/h3>\n                <div class=\"text-muted text-small\"><i class=\"fas fa-copy\"><\/i> 1 fichier\u00b7s <i class=\"fas fa-hdd ml-3\"><\/i> 4.06 MB<\/div>\n            <\/div>\n            <div class=\"ml-3\">\n                <a class='wpdm-download-link download-on-click btn btn-primary btn-sm' rel='nofollow' href='#' data-downloadurl=\"https:\/\/csarpsm.fr\/index.php\/download\/convention-csar-psm-nautilis-2022-2025\/?wpdmdl=3712&refresh=69e6422d5e66c1776697901\">T\u00e9l\u00e9charger<\/a>\n            <\/div>\n        <\/div>\n    <\/div>\n<\/div>\n\n<\/div>\n<p style=\"text-align: center;\"><span class=\"collapseomatic \" id=\"id69e6422d6b5f9\"  tabindex=\"0\" title=\"Nautilis - Proc\u00e9dure d\u2019\u00e9vacuation des clubs\"    >Nautilis - Proc\u00e9dure d\u2019\u00e9vacuation des clubs<\/span>\n<p style=\"text-align: center;\"><div class='w3eden'><!-- WPDM Link Template: Default Template -->\n\n<div class=\"link-template-default card mb-2\">\n    <div class=\"card-body\">\n        <div class=\"media\">\n            <div class=\"mr-3 img-48\"><img decoding=\"async\" class=\"wpdm_icon\" alt=\"Ic\u00f4ne\" src=\"https:\/\/csarpsm.fr\/wp-content\/plugins\/download-manager\/assets\/file-type-icons\/pdf.svg\" \/><\/div>\n            <div class=\"media-body\">\n                <h3 class=\"package-title\"><a href='https:\/\/csarpsm.fr\/index.php\/download\/nautilis-procedure-evacuation-clubs\/'>Nautilis - Proc\u00e9dure \u00c9vacuation Clubs<\/a><\/h3>\n                <div class=\"text-muted text-small\"><i class=\"fas fa-copy\"><\/i> 1 fichier\u00b7s <i class=\"fas fa-hdd ml-3\"><\/i> 196.89 KB<\/div>\n            <\/div>\n            <div class=\"ml-3\">\n                <a class='wpdm-download-link download-on-click btn btn-primary btn-sm' rel='nofollow' href='#' data-downloadurl=\"https:\/\/csarpsm.fr\/index.php\/download\/nautilis-procedure-evacuation-clubs\/?wpdmdl=4333&refresh=69e6422d6fc561776697901\">T\u00e9l\u00e9charger<\/a>\n            <\/div>\n        <\/div>\n    <\/div>\n<\/div>\n\n<\/div>\n<p style=\"text-align: center;\"><span class=\"collapseomatic \" id=\"id69e6422d80828\"  tabindex=\"0\" title=\"Nautilis - Plan d&#039;Organisation des Secours et de S\u00e9curit\u00e9 (POSS)\"    >Nautilis - Plan d'Organisation des Secours et de S\u00e9curit\u00e9 (POSS)<\/span>\n<p style=\"text-align: center;\"><div class='w3eden'><!-- WPDM Link Template: Default Template -->\n\n<div class=\"link-template-default card mb-2\">\n    <div class=\"card-body\">\n        <div class=\"media\">\n            <div class=\"mr-3 img-48\"><img decoding=\"async\" class=\"wpdm_icon\" alt=\"Ic\u00f4ne\" src=\"https:\/\/csarpsm.fr\/wp-content\/plugins\/download-manager\/assets\/file-type-icons\/pdf.svg\" \/><\/div>\n            <div class=\"media-body\">\n                <h3 class=\"package-title\"><a href='https:\/\/csarpsm.fr\/index.php\/download\/nautilis-plan-dorganisation-des-secours-et-de-securite-poss\/'>Nautilis - Plan d'Organisation des Secours et de S\u00e9curit\u00e9 (POSS)<\/a><\/h3>\n                <div class=\"text-muted text-small\"><i class=\"fas fa-copy\"><\/i> 1 fichier\u00b7s <i class=\"fas fa-hdd ml-3\"><\/i> 1.60 MB<\/div>\n            <\/div>\n            <div class=\"ml-3\">\n                <a class='wpdm-download-link download-on-click btn btn-primary btn-sm' rel='nofollow' href='#' data-downloadurl=\"https:\/\/csarpsm.fr\/index.php\/download\/nautilis-plan-dorganisation-des-secours-et-de-securite-poss\/?wpdmdl=4717&refresh=69e6422d855a41776697901\">T\u00e9l\u00e9charger<\/a>\n            <\/div>\n        <\/div>\n    <\/div>\n<\/div>\n\n<\/div>\n","protected":false},"excerpt":{"rendered":"<p>Vous trouverez ci-dessous les documents r\u00e9glementaire et de s\u00e9curit\u00e9 relatifs \u00e0 Nautilis.<\/p>\n","protected":false},"author":2,"featured_media":0,"parent":0,"menu_order":0,"comment_status":"closed","ping_status":"closed","template":"","meta":{"_acf_changed":false,"ngg_post_thumbnail":0,"footnotes":""},"class_list":["post-4336","page","type-page","status-publish","hentry"],"acf":[],"yoast_head":"<!-- This site is optimized with the Yoast SEO plugin v24.9 - https:\/\/yoast.com\/wordpress\/plugins\/seo\/ -->\n<title>Piscine Nautilis - C.S.A.R. PSM<\/title>\n<meta name=\"robots\" content=\"index, follow, max-snippet:-1, max-image-preview:large, max-video-preview:-1\" \/>\n<link rel=\"canonical\" href=\"https:\/\/csarpsm.fr\/index.php\/piscine-nautilis\/\" \/>\n<meta property=\"og:locale\" content=\"fr_FR\" \/>\n<meta property=\"og:type\" content=\"article\" \/>\n<meta property=\"og:title\" content=\"Piscine Nautilis - C.S.A.R. PSM\" \/>\n<meta property=\"og:description\" content=\"Vous trouverez ci-dessous les documents r\u00e9glementaire et de s\u00e9curit\u00e9 relatifs \u00e0 Nautilis.\" \/>\n<meta property=\"og:url\" content=\"https:\/\/csarpsm.fr\/index.php\/piscine-nautilis\/\" \/>\n<meta property=\"og:site_name\" content=\"C.S.A.R. PSM\" \/>\n<meta property=\"article:publisher\" content=\"https:\/\/fr-fr.facebook.com\/CsarPsm16\/\" \/>\n<meta property=\"article:modified_time\" content=\"2026-02-27T10:58:25+00:00\" \/>\n<meta name=\"twitter:card\" content=\"summary_large_image\" \/>\n<meta name=\"twitter:label1\" content=\"Dur\u00e9e de lecture estim\u00e9e\" \/>\n\t<meta name=\"twitter:data1\" content=\"1 minute\" \/>\n<script type=\"application\/ld+json\" class=\"yoast-schema-graph\">{\"@context\":\"https:\/\/schema.org\",\"@graph\":[{\"@type\":\"WebPage\",\"@id\":\"https:\/\/csarpsm.fr\/index.php\/piscine-nautilis\/\",\"url\":\"https:\/\/csarpsm.fr\/index.php\/piscine-nautilis\/\",\"name\":\"Piscine Nautilis - C.S.A.R. PSM\",\"isPartOf\":{\"@id\":\"https:\/\/csarpsm.fr\/#website\"},\"datePublished\":\"2025-03-14T16:19:11+00:00\",\"dateModified\":\"2026-02-27T10:58:25+00:00\",\"breadcrumb\":{\"@id\":\"https:\/\/csarpsm.fr\/index.php\/piscine-nautilis\/#breadcrumb\"},\"inLanguage\":\"fr-FR\",\"potentialAction\":[{\"@type\":\"ReadAction\",\"target\":[\"https:\/\/csarpsm.fr\/index.php\/piscine-nautilis\/\"]}]},{\"@type\":\"BreadcrumbList\",\"@id\":\"https:\/\/csarpsm.fr\/index.php\/piscine-nautilis\/#breadcrumb\",\"itemListElement\":[{\"@type\":\"ListItem\",\"position\":1,\"name\":\"Accueil\",\"item\":\"https:\/\/csarpsm.fr\/\"},{\"@type\":\"ListItem\",\"position\":2,\"name\":\"Piscine Nautilis\"}]},{\"@type\":\"WebSite\",\"@id\":\"https:\/\/csarpsm.fr\/#website\",\"url\":\"https:\/\/csarpsm.fr\/\",\"name\":\"C.S.A.R. PSM\",\"description\":\"Club de Plong\u00e9e de Ruelle sur Touvre - N\u00b0affiliation FFESSM 02 16 00 85\",\"publisher\":{\"@id\":\"https:\/\/csarpsm.fr\/#organization\"},\"potentialAction\":[{\"@type\":\"SearchAction\",\"target\":{\"@type\":\"EntryPoint\",\"urlTemplate\":\"https:\/\/csarpsm.fr\/?s={search_term_string}\"},\"query-input\":{\"@type\":\"PropertyValueSpecification\",\"valueRequired\":true,\"valueName\":\"search_term_string\"}}],\"inLanguage\":\"fr-FR\"},{\"@type\":\"Organization\",\"@id\":\"https:\/\/csarpsm.fr\/#organization\",\"name\":\"C.S.A.R. PSM\",\"url\":\"https:\/\/csarpsm.fr\/\",\"logo\":{\"@type\":\"ImageObject\",\"inLanguage\":\"fr-FR\",\"@id\":\"https:\/\/csarpsm.fr\/#\/schema\/logo\/image\/\",\"url\":\"https:\/\/csarpsm.fr\/wp-content\/uploads\/2019\/03\/logo-e1559848607446.png\",\"contentUrl\":\"https:\/\/csarpsm.fr\/wp-content\/uploads\/2019\/03\/logo-e1559848607446.png\",\"width\":128,\"height\":180,\"caption\":\"C.S.A.R. PSM\"},\"image\":{\"@id\":\"https:\/\/csarpsm.fr\/#\/schema\/logo\/image\/\"},\"sameAs\":[\"https:\/\/fr-fr.facebook.com\/CsarPsm16\/\"]}]}<\/script>\n<!-- \/ Yoast SEO plugin. -->","yoast_head_json":{"title":"Piscine Nautilis - C.S.A.R. PSM","robots":{"index":"index","follow":"follow","max-snippet":"max-snippet:-1","max-image-preview":"max-image-preview:large","max-video-preview":"max-video-preview:-1"},"canonical":"https:\/\/csarpsm.fr\/index.php\/piscine-nautilis\/","og_locale":"fr_FR","og_type":"article","og_title":"Piscine Nautilis - C.S.A.R. PSM","og_description":"Vous trouverez ci-dessous les documents r\u00e9glementaire et de s\u00e9curit\u00e9 relatifs \u00e0 Nautilis.","og_url":"https:\/\/csarpsm.fr\/index.php\/piscine-nautilis\/","og_site_name":"C.S.A.R. PSM","article_publisher":"https:\/\/fr-fr.facebook.com\/CsarPsm16\/","article_modified_time":"2026-02-27T10:58:25+00:00","twitter_card":"summary_large_image","twitter_misc":{"Dur\u00e9e de lecture estim\u00e9e":"1 minute"},"schema":{"@context":"https:\/\/schema.org","@graph":[{"@type":"WebPage","@id":"https:\/\/csarpsm.fr\/index.php\/piscine-nautilis\/","url":"https:\/\/csarpsm.fr\/index.php\/piscine-nautilis\/","name":"Piscine Nautilis - C.S.A.R. PSM","isPartOf":{"@id":"https:\/\/csarpsm.fr\/#website"},"datePublished":"2025-03-14T16:19:11+00:00","dateModified":"2026-02-27T10:58:25+00:00","breadcrumb":{"@id":"https:\/\/csarpsm.fr\/index.php\/piscine-nautilis\/#breadcrumb"},"inLanguage":"fr-FR","potentialAction":[{"@type":"ReadAction","target":["https:\/\/csarpsm.fr\/index.php\/piscine-nautilis\/"]}]},{"@type":"BreadcrumbList","@id":"https:\/\/csarpsm.fr\/index.php\/piscine-nautilis\/#breadcrumb","itemListElement":[{"@type":"ListItem","position":1,"name":"Accueil","item":"https:\/\/csarpsm.fr\/"},{"@type":"ListItem","position":2,"name":"Piscine Nautilis"}]},{"@type":"WebSite","@id":"https:\/\/csarpsm.fr\/#website","url":"https:\/\/csarpsm.fr\/","name":"C.S.A.R. PSM","description":"Club de Plong\u00e9e de Ruelle sur Touvre - N\u00b0affiliation FFESSM 02 16 00 85","publisher":{"@id":"https:\/\/csarpsm.fr\/#organization"},"potentialAction":[{"@type":"SearchAction","target":{"@type":"EntryPoint","urlTemplate":"https:\/\/csarpsm.fr\/?s={search_term_string}"},"query-input":{"@type":"PropertyValueSpecification","valueRequired":true,"valueName":"search_term_string"}}],"inLanguage":"fr-FR"},{"@type":"Organization","@id":"https:\/\/csarpsm.fr\/#organization","name":"C.S.A.R. PSM","url":"https:\/\/csarpsm.fr\/","logo":{"@type":"ImageObject","inLanguage":"fr-FR","@id":"https:\/\/csarpsm.fr\/#\/schema\/logo\/image\/","url":"https:\/\/csarpsm.fr\/wp-content\/uploads\/2019\/03\/logo-e1559848607446.png","contentUrl":"https:\/\/csarpsm.fr\/wp-content\/uploads\/2019\/03\/logo-e1559848607446.png","width":128,"height":180,"caption":"C.S.A.R. PSM"},"image":{"@id":"https:\/\/csarpsm.fr\/#\/schema\/logo\/image\/"},"sameAs":["https:\/\/fr-fr.facebook.com\/CsarPsm16\/"]}]}},"_links":{"self":[{"href":"https:\/\/csarpsm.fr\/index.php\/wp-json\/wp\/v2\/pages\/4336","targetHints":{"allow":["GET"]}}],"collection":[{"href":"https:\/\/csarpsm.fr\/index.php\/wp-json\/wp\/v2\/pages"}],"about":[{"href":"https:\/\/csarpsm.fr\/index.php\/wp-json\/wp\/v2\/types\/page"}],"author":[{"embeddable":true,"href":"https:\/\/csarpsm.fr\/index.php\/wp-json\/wp\/v2\/users\/2"}],"replies":[{"embeddable":true,"href":"https:\/\/csarpsm.fr\/index.php\/wp-json\/wp\/v2\/comments?post=4336"}],"version-history":[{"count":4,"href":"https:\/\/csarpsm.fr\/index.php\/wp-json\/wp\/v2\/pages\/4336\/revisions"}],"predecessor-version":[{"id":4719,"href":"https:\/\/csarpsm.fr\/index.php\/wp-json\/wp\/v2\/pages\/4336\/revisions\/4719"}],"wp:attachment":[{"href":"https:\/\/csarpsm.fr\/index.php\/wp-json\/wp\/v2\/media?parent=4336"}],"curies":[{"name":"wp","href":"https:\/\/api.w.org\/{rel}","templated":true}]}}