{"id":95,"date":"2019-04-18T11:16:21","date_gmt":"2019-04-18T09:16:21","guid":{"rendered":"https:\/\/www.csarpsm.fr\/?page_id=95"},"modified":"2026-05-09T11:07:49","modified_gmt":"2026-05-09T09:07:49","slug":"accueil","status":"publish","type":"page","link":"https:\/\/csarpsm.fr\/","title":{"rendered":"Accueil"},"content":{"rendered":"<h6><span style=\"color: #000000;\">Bienvenue sur le site du club de plong\u00e9e de RUELLE sur TOUVRE, le <a style=\"color: #000000;\" href=\"https:\/\/www.csarpsm.fr\/index.php\/infos\/\" target=\"_blank\" rel=\"noopener noreferrer\">CSAR PSM<\/a>.<\/span><\/h6>\n<p style=\"text-align: center;\"><span style=\"font-size: 18pt; color: #000000;\">Actualit\u00e9s<\/span><\/p>\n<p><strong><span style=\"color: #000080;\">ATTENTION<\/span> \u2192 <span style=\"color: #ff0000;\">Piscine NAUTILIS <\/span><\/strong><span style=\"color: #333333;\"><strong><span style=\"color: #ff0000;\">&#8211; ANNULATION S\u00e9ance du Vendredi 15 Mai 2026&nbsp; faute d&rsquo;encadrement suffisant !<\/span><\/strong><\/span><\/p>\n<p><strong><span style=\"color: #000080;\">ATTENTION<\/span> \u2192 <a href=\"https:\/\/beta.framadate.org\/polls\/dfc4f67f71b0504c6f2a\" target=\"_blank\" rel=\"noopener\">Sortie Plong\u00e9es ST LIN<\/a><\/strong><strong>&nbsp;&#8211;&nbsp;Samedi 23 Mai 2026&nbsp; !<\/strong><\/p>\n<p style=\"text-align: center;\">************************************************************<\/p>\n<div class=\"gmail_default\">\n<ul>\n<li>Formation \u2192 <strong><a href=\"https:\/\/csarpsm.fr\/index.php\/events\/plongee-source-de-la-touvre-2-2-2-3-445-257-662-320-270-219\/\" target=\"_blank\" rel=\"noopener\">Th\u00e9orie Niveau 2<\/a> &#8211;&nbsp; A partir du <span style=\"color: #008000;\">Lundi 20 Avril 2026<\/span><\/strong><\/li>\n<li>\n<div class=\"gmail_default\">\n<ul>\n<li>\n<div class=\"gmail_default\">\n<ul>\n<li>Explo \u2192&nbsp;<strong><strong>Sortie <\/strong><a href=\"https:\/\/csarpsm.fr\/index.php\/events\/sortie-bretagne-atlantique-2020-877-527-198-515-520\/\" target=\"_blank\" rel=\"noopener\">Bretagne Atlantique \u00e0 Brest<\/a> &#8211;&nbsp; Du <span style=\"color: #008000;\">Jeudi 14 au Dimanche 17 Mai 2026<\/span><\/strong><\/li>\n<li>Formation \u2192 <strong><a href=\"https:\/\/csarpsm.fr\/index.php\/events\/plongee-source-de-la-touvre-2-2-2-3-2-600-644-139\/\" target=\"_blank\" rel=\"noopener\">Th\u00e9orie Niveau&nbsp;3<\/a> &#8211;&nbsp; A partir du <span style=\"color: #008000;\">Mercredi 20 Mai 2026<\/span><\/strong><\/li>\n<li>Technique \u2192 <strong><a href=\"https:\/\/beta.framadate.org\/polls\/e3a22babce5270be6dc3\" target=\"_blank\" rel=\"noopener\">Sortie HENDAYE<\/a> &#8211;&nbsp; Du <span style=\"color: #008000;\">Samedi 27 au Dimanche 28 Juin 2026<\/span><\/strong><\/li>\n<li>\n<div class=\"gmail_default\">\n<ul>\n<li>\n<div class=\"gmail_default\">\n<ul>\n<li>\n<div class=\"gmail_default\">\n<ul>\n<li>Animation \u2192 <strong><span style=\"color: #333333;\">Soir\u00e9e Barbecue<\/span> &#8211;&nbsp; <span style=\"color: #008000;\">Samedi 04 Juillet 2026<\/span><\/strong><\/li>\n<\/ul>\n<\/div>\n<\/li>\n<\/ul>\n<\/div>\n<\/li>\n<\/ul>\n<\/div>\n<\/li>\n<\/ul>\n<\/div>\n<\/li>\n<\/ul>\n<\/div>\n<\/li>\n<\/ul>\n<\/div>\n<p style=\"text-align: center;\">************************************************************<\/p>\n<p><span style=\"color: #008000;\"><strong>Le <span style=\"text-decoration: underline;\">CALENDRIER 2026<\/span> est en ligne !!!<\/strong><\/span><\/p>\n<div class='w3eden'><!-- WPDM Link Template: Default Template -->\n\n<div class=\"link-template-default card mb-2\">\n    <div class=\"card-body\">\n        <div class=\"media\">\n            <div class=\"mr-3 img-48\"><img decoding=\"async\" class=\"wpdm_icon\" alt=\"Ic\u00f4ne\" src=\"https:\/\/csarpsm.fr\/wp-content\/plugins\/download-manager\/assets\/file-type-icons\/pdf.svg\" \/><\/div>\n            <div class=\"media-body\">\n                <h3 class=\"package-title\"><a href='https:\/\/csarpsm.fr\/index.php\/download\/calendrier-activites-2026-csar-plongee-sous-marine\/'>Calendrier activit\u00e9s 2026 CSAR Plong\u00e9e Sous Marine<\/a><\/h3>\n                <div class=\"text-muted text-small\"><i class=\"fas fa-copy\"><\/i> 1 fichier\u00b7s <i class=\"fas fa-hdd ml-3\"><\/i> 268.47 KB<\/div>\n            <\/div>\n            <div class=\"ml-3\">\n                <a class='wpdm-download-link download-on-click btn btn-primary btn-sm' rel='nofollow' href='#' data-downloadurl=\"https:\/\/csarpsm.fr\/index.php\/download\/calendrier-activites-2026-csar-plongee-sous-marine\/?wpdmdl=4569&refresh=6a0065fee31771778411006\">T\u00e9l\u00e9charger<\/a>\n            <\/div>\n        <\/div>\n    <\/div>\n<\/div>\n\n<\/div>\n<p class=\"Textbody\" style=\"text-align: center;\">************************************************************<\/p>\n<p class=\"Textbody\" style=\"text-align: left;\"><span style=\"font-size: 14pt;\"><strong><span style=\"color: #000000;\">Le CSAR PSM souhaite \u00e0 toutes et \u00e0 tous le plein d&rsquo;activit\u00e9s et de belles plong\u00e9es&#8230;<\/span><\/strong><\/span><\/p>\n<p><img loading=\"lazy\" decoding=\"async\" class=\"size-medium wp-image-2903 aligncenter\" src=\"https:\/\/csarpsm.fr\/wp-content\/uploads\/2021\/07\/personne-plongee_1268-64-300x300.jpg\" alt=\"\" width=\"300\" height=\"300\" srcset=\"https:\/\/csarpsm.fr\/wp-content\/uploads\/2021\/07\/personne-plongee_1268-64-300x300.jpg 300w, https:\/\/csarpsm.fr\/wp-content\/uploads\/2021\/07\/personne-plongee_1268-64-150x150.jpg 150w, https:\/\/csarpsm.fr\/wp-content\/uploads\/2021\/07\/personne-plongee_1268-64-100x100.jpg 100w, https:\/\/csarpsm.fr\/wp-content\/uploads\/2021\/07\/personne-plongee_1268-64.jpg 380w\" sizes=\"auto, (max-width: 300px) 100vw, 300px\" \/><\/p>\n","protected":false},"excerpt":{"rendered":"<p>Bienvenue sur le site du club de plong\u00e9e de RUELLE sur TOUVRE, le CSAR PSM. Actualit\u00e9s ATTENTION \u2192 Piscine NAUTILIS &#8211; ANNULATION S\u00e9ance du Vendredi 15 Mai 2026&nbsp; faute d&rsquo;encadrement &hellip; <\/p>\n<p class=\"link-more\"><a href=\"https:\/\/csarpsm.fr\/\" class=\"more-link\">Continuer la lecture<span class=\"screen-reader-text\"> de &laquo;&nbsp;Accueil&nbsp;&raquo;<\/span><\/a><\/p>\n","protected":false},"author":1,"featured_media":0,"parent":0,"menu_order":0,"comment_status":"closed","ping_status":"closed","template":"","meta":{"_acf_changed":false,"ngg_post_thumbnail":0,"footnotes":""},"class_list":["post-95","page","type-page","status-publish","hentry"],"acf":[],"yoast_head":"<!-- This site is optimized with the Yoast SEO plugin v24.9 - https:\/\/yoast.com\/wordpress\/plugins\/seo\/ -->\n<title>Accueil - C.S.A.R. PSM<\/title>\n<meta name=\"description\" content=\"Site du club de plong\u00e9e de Ruelle sur Touvre \u00e0 c\u00f4t\u00e9 d&#039;Angoul\u00eame, le C.S.A.R. PSM. Le C.S.A.R. PSM regroupe plusieurs disciplines comme la plong\u00e9e sous-marine, la nage et l&#039;apn\u00e9e.\" \/>\n<meta name=\"robots\" content=\"index, follow, max-snippet:-1, max-image-preview:large, max-video-preview:-1\" \/>\n<link rel=\"canonical\" href=\"https:\/\/csarpsm.fr\/\" \/>\n<meta property=\"og:locale\" content=\"fr_FR\" \/>\n<meta property=\"og:type\" content=\"article\" \/>\n<meta property=\"og:title\" content=\"Accueil - C.S.A.R. PSM\" \/>\n<meta property=\"og:description\" content=\"Site du club de plong\u00e9e de Ruelle sur Touvre \u00e0 c\u00f4t\u00e9 d&#039;Angoul\u00eame, le C.S.A.R. PSM. Le C.S.A.R. PSM regroupe plusieurs disciplines comme la plong\u00e9e sous-marine, la nage et l&#039;apn\u00e9e.\" \/>\n<meta property=\"og:url\" content=\"https:\/\/csarpsm.fr\/\" \/>\n<meta property=\"og:site_name\" content=\"C.S.A.R. PSM\" \/>\n<meta property=\"article:publisher\" content=\"https:\/\/fr-fr.facebook.com\/CsarPsm16\/\" \/>\n<meta property=\"article:modified_time\" content=\"2026-05-09T09:07:49+00:00\" \/>\n<meta property=\"og:image\" content=\"https:\/\/csarpsm.fr\/wp-content\/uploads\/2021\/07\/personne-plongee_1268-64-300x300.jpg\" \/>\n<meta name=\"twitter:card\" content=\"summary_large_image\" \/>\n<meta name=\"twitter:label1\" content=\"Dur\u00e9e de lecture estim\u00e9e\" \/>\n\t<meta name=\"twitter:data1\" content=\"1 minute\" \/>\n<script type=\"application\/ld+json\" class=\"yoast-schema-graph\">{\"@context\":\"https:\/\/schema.org\",\"@graph\":[{\"@type\":\"WebPage\",\"@id\":\"https:\/\/csarpsm.fr\/\",\"url\":\"https:\/\/csarpsm.fr\/\",\"name\":\"Accueil - C.S.A.R. PSM\",\"isPartOf\":{\"@id\":\"https:\/\/csarpsm.fr\/#website\"},\"primaryImageOfPage\":{\"@id\":\"https:\/\/csarpsm.fr\/#primaryimage\"},\"image\":{\"@id\":\"https:\/\/csarpsm.fr\/#primaryimage\"},\"thumbnailUrl\":\"https:\/\/csarpsm.fr\/wp-content\/uploads\/2021\/07\/personne-plongee_1268-64-300x300.jpg\",\"datePublished\":\"2019-04-18T09:16:21+00:00\",\"dateModified\":\"2026-05-09T09:07:49+00:00\",\"description\":\"Site du club de plong\u00e9e de Ruelle sur Touvre \u00e0 c\u00f4t\u00e9 d'Angoul\u00eame, le C.S.A.R. PSM. Le C.S.A.R. PSM regroupe plusieurs disciplines comme la plong\u00e9e sous-marine, la nage et l'apn\u00e9e.\",\"breadcrumb\":{\"@id\":\"https:\/\/csarpsm.fr\/#breadcrumb\"},\"inLanguage\":\"fr-FR\",\"potentialAction\":[{\"@type\":\"ReadAction\",\"target\":[\"https:\/\/csarpsm.fr\/\"]}]},{\"@type\":\"ImageObject\",\"inLanguage\":\"fr-FR\",\"@id\":\"https:\/\/csarpsm.fr\/#primaryimage\",\"url\":\"https:\/\/csarpsm.fr\/wp-content\/uploads\/2021\/07\/personne-plongee_1268-64.jpg\",\"contentUrl\":\"https:\/\/csarpsm.fr\/wp-content\/uploads\/2021\/07\/personne-plongee_1268-64.jpg\",\"width\":380,\"height\":380},{\"@type\":\"BreadcrumbList\",\"@id\":\"https:\/\/csarpsm.fr\/#breadcrumb\",\"itemListElement\":[{\"@type\":\"ListItem\",\"position\":1,\"name\":\"Accueil\",\"item\":\"https:\/\/csarpsm.fr\/\"},{\"@type\":\"ListItem\",\"position\":2,\"name\":\"Accueil\"}]},{\"@type\":\"WebSite\",\"@id\":\"https:\/\/csarpsm.fr\/#website\",\"url\":\"https:\/\/csarpsm.fr\/\",\"name\":\"C.S.A.R. PSM\",\"description\":\"Club de Plong\u00e9e de Ruelle sur Touvre - N\u00b0affiliation FFESSM 02 16 00 85\",\"publisher\":{\"@id\":\"https:\/\/csarpsm.fr\/#organization\"},\"potentialAction\":[{\"@type\":\"SearchAction\",\"target\":{\"@type\":\"EntryPoint\",\"urlTemplate\":\"https:\/\/csarpsm.fr\/?s={search_term_string}\"},\"query-input\":{\"@type\":\"PropertyValueSpecification\",\"valueRequired\":true,\"valueName\":\"search_term_string\"}}],\"inLanguage\":\"fr-FR\"},{\"@type\":\"Organization\",\"@id\":\"https:\/\/csarpsm.fr\/#organization\",\"name\":\"C.S.A.R. PSM\",\"url\":\"https:\/\/csarpsm.fr\/\",\"logo\":{\"@type\":\"ImageObject\",\"inLanguage\":\"fr-FR\",\"@id\":\"https:\/\/csarpsm.fr\/#\/schema\/logo\/image\/\",\"url\":\"https:\/\/csarpsm.fr\/wp-content\/uploads\/2019\/03\/logo-e1559848607446.png\",\"contentUrl\":\"https:\/\/csarpsm.fr\/wp-content\/uploads\/2019\/03\/logo-e1559848607446.png\",\"width\":128,\"height\":180,\"caption\":\"C.S.A.R. PSM\"},\"image\":{\"@id\":\"https:\/\/csarpsm.fr\/#\/schema\/logo\/image\/\"},\"sameAs\":[\"https:\/\/fr-fr.facebook.com\/CsarPsm16\/\"]}]}<\/script>\n<!-- \/ Yoast SEO plugin. -->","yoast_head_json":{"title":"Accueil - C.S.A.R. PSM","description":"Site du club de plong\u00e9e de Ruelle sur Touvre \u00e0 c\u00f4t\u00e9 d'Angoul\u00eame, le C.S.A.R. PSM. Le C.S.A.R. PSM regroupe plusieurs disciplines comme la plong\u00e9e sous-marine, la nage et l'apn\u00e9e.","robots":{"index":"index","follow":"follow","max-snippet":"max-snippet:-1","max-image-preview":"max-image-preview:large","max-video-preview":"max-video-preview:-1"},"canonical":"https:\/\/csarpsm.fr\/","og_locale":"fr_FR","og_type":"article","og_title":"Accueil - C.S.A.R. PSM","og_description":"Site du club de plong\u00e9e de Ruelle sur Touvre \u00e0 c\u00f4t\u00e9 d'Angoul\u00eame, le C.S.A.R. PSM. Le C.S.A.R. PSM regroupe plusieurs disciplines comme la plong\u00e9e sous-marine, la nage et l'apn\u00e9e.","og_url":"https:\/\/csarpsm.fr\/","og_site_name":"C.S.A.R. PSM","article_publisher":"https:\/\/fr-fr.facebook.com\/CsarPsm16\/","article_modified_time":"2026-05-09T09:07:49+00:00","og_image":[{"url":"https:\/\/csarpsm.fr\/wp-content\/uploads\/2021\/07\/personne-plongee_1268-64-300x300.jpg","type":"","width":"","height":""}],"twitter_card":"summary_large_image","twitter_misc":{"Dur\u00e9e de lecture estim\u00e9e":"1 minute"},"schema":{"@context":"https:\/\/schema.org","@graph":[{"@type":"WebPage","@id":"https:\/\/csarpsm.fr\/","url":"https:\/\/csarpsm.fr\/","name":"Accueil - C.S.A.R. PSM","isPartOf":{"@id":"https:\/\/csarpsm.fr\/#website"},"primaryImageOfPage":{"@id":"https:\/\/csarpsm.fr\/#primaryimage"},"image":{"@id":"https:\/\/csarpsm.fr\/#primaryimage"},"thumbnailUrl":"https:\/\/csarpsm.fr\/wp-content\/uploads\/2021\/07\/personne-plongee_1268-64-300x300.jpg","datePublished":"2019-04-18T09:16:21+00:00","dateModified":"2026-05-09T09:07:49+00:00","description":"Site du club de plong\u00e9e de Ruelle sur Touvre \u00e0 c\u00f4t\u00e9 d'Angoul\u00eame, le C.S.A.R. PSM. Le C.S.A.R. PSM regroupe plusieurs disciplines comme la plong\u00e9e sous-marine, la nage et l'apn\u00e9e.","breadcrumb":{"@id":"https:\/\/csarpsm.fr\/#breadcrumb"},"inLanguage":"fr-FR","potentialAction":[{"@type":"ReadAction","target":["https:\/\/csarpsm.fr\/"]}]},{"@type":"ImageObject","inLanguage":"fr-FR","@id":"https:\/\/csarpsm.fr\/#primaryimage","url":"https:\/\/csarpsm.fr\/wp-content\/uploads\/2021\/07\/personne-plongee_1268-64.jpg","contentUrl":"https:\/\/csarpsm.fr\/wp-content\/uploads\/2021\/07\/personne-plongee_1268-64.jpg","width":380,"height":380},{"@type":"BreadcrumbList","@id":"https:\/\/csarpsm.fr\/#breadcrumb","itemListElement":[{"@type":"ListItem","position":1,"name":"Accueil","item":"https:\/\/csarpsm.fr\/"},{"@type":"ListItem","position":2,"name":"Accueil"}]},{"@type":"WebSite","@id":"https:\/\/csarpsm.fr\/#website","url":"https:\/\/csarpsm.fr\/","name":"C.S.A.R. PSM","description":"Club de Plong\u00e9e de Ruelle sur Touvre - N\u00b0affiliation FFESSM 02 16 00 85","publisher":{"@id":"https:\/\/csarpsm.fr\/#organization"},"potentialAction":[{"@type":"SearchAction","target":{"@type":"EntryPoint","urlTemplate":"https:\/\/csarpsm.fr\/?s={search_term_string}"},"query-input":{"@type":"PropertyValueSpecification","valueRequired":true,"valueName":"search_term_string"}}],"inLanguage":"fr-FR"},{"@type":"Organization","@id":"https:\/\/csarpsm.fr\/#organization","name":"C.S.A.R. PSM","url":"https:\/\/csarpsm.fr\/","logo":{"@type":"ImageObject","inLanguage":"fr-FR","@id":"https:\/\/csarpsm.fr\/#\/schema\/logo\/image\/","url":"https:\/\/csarpsm.fr\/wp-content\/uploads\/2019\/03\/logo-e1559848607446.png","contentUrl":"https:\/\/csarpsm.fr\/wp-content\/uploads\/2019\/03\/logo-e1559848607446.png","width":128,"height":180,"caption":"C.S.A.R. PSM"},"image":{"@id":"https:\/\/csarpsm.fr\/#\/schema\/logo\/image\/"},"sameAs":["https:\/\/fr-fr.facebook.com\/CsarPsm16\/"]}]}},"_links":{"self":[{"href":"https:\/\/csarpsm.fr\/index.php\/wp-json\/wp\/v2\/pages\/95","targetHints":{"allow":["GET"]}}],"collection":[{"href":"https:\/\/csarpsm.fr\/index.php\/wp-json\/wp\/v2\/pages"}],"about":[{"href":"https:\/\/csarpsm.fr\/index.php\/wp-json\/wp\/v2\/types\/page"}],"author":[{"embeddable":true,"href":"https:\/\/csarpsm.fr\/index.php\/wp-json\/wp\/v2\/users\/1"}],"replies":[{"embeddable":true,"href":"https:\/\/csarpsm.fr\/index.php\/wp-json\/wp\/v2\/comments?post=95"}],"version-history":[{"count":867,"href":"https:\/\/csarpsm.fr\/index.php\/wp-json\/wp\/v2\/pages\/95\/revisions"}],"predecessor-version":[{"id":4747,"href":"https:\/\/csarpsm.fr\/index.php\/wp-json\/wp\/v2\/pages\/95\/revisions\/4747"}],"wp:attachment":[{"href":"https:\/\/csarpsm.fr\/index.php\/wp-json\/wp\/v2\/media?parent=95"}],"curies":[{"name":"wp","href":"https:\/\/api.w.org\/{rel}","templated":true}]}}